{"id":9,"date":"2018-07-12T14:32:57","date_gmt":"2018-07-12T14:32:57","guid":{"rendered":"http:\/\/cpovobitaraes.eu\/?page_id=9"},"modified":"2018-12-02T22:08:46","modified_gmt":"2018-12-02T22:08:46","slug":"about-us","status":"publish","type":"page","link":"https:\/\/cpovobitaraes.eu\/index.php\/about-us\/","title":{"rendered":"Quem Somos"},"content":{"rendered":"<h2 style=\"text-align: left;\">Miss\u00e3o e Objetivos<\/h2>\n<p style=\"text-align: left;\">A Casa do Povo de Bitar\u00e3es tem por miss\u00e3o desenvolver atividades de carater Social e Cultural e colaborar com o Estado e as Autarquias, proporcionando-lhes o apoio que em cada caso se justifique, por forma a contribuir para a resolu\u00e7\u00e3o de problemas da respetiva \u00e1rea.<\/p>\n<p style=\"text-align: left;\">Promover a\u00e7\u00f5es de anima\u00e7\u00e3o sociocultural, quer de iniciativa pr\u00f3pria, quer de acordo e em coordena\u00e7\u00e3o com outras entidades.<\/p>\n<p style=\"text-align: left;\">Fomentar a participa\u00e7\u00e3o das popula\u00e7\u00f5es nas a\u00e7\u00f5es tendentes a satisfazer as necessidades da comunidade da respetiva \u00e1rea e a melhorar a sua qualidade de vida.<\/p>\n<p style=\"text-align: left;\">Executar por delega\u00e7\u00e3o tarefas cometidas a servi\u00e7os p\u00fablicos, por forma a aproxim\u00e1-los das popula\u00e7\u00f5es.<\/p>\n<p style=\"text-align: left;\">Participar no planeamento de a\u00e7\u00f5es de carater econ\u00f3mico, social e cultural, que abranjam a respetiva \u00e1rea.<\/p>\n<p style=\"text-align: left;\">Interpretar e equacionar as necessidades e aspira\u00e7\u00f5es comuns, designadamente atrav\u00e9s da recolha de propostas ou sugest\u00f5es e promover a sua satisfa\u00e7\u00e3o ou nela colaborar, com a participa\u00e7\u00e3o dos interessados.<\/p>\n<h2 style=\"text-align: left;\">\u00c1reas de Interven\u00e7\u00e3o<\/h2>\n<p style=\"text-align: left;\"><strong>Inf\u00e2ncia e juventude<\/strong> &#8211; Rancho infantil e Juvenil da Casa do Povo de Bitar\u00e3es, desde 15-06-1982.<\/p>\n<p style=\"text-align: left;\"><strong>3\u00aa Idade<\/strong> &#8211; A funcionar um Centro de Conv\u00edvio com capacidade para 25 idosos com acordo t\u00edpico com a Seguran\u00e7a Social, desde 01-03-2000.<\/p>\n<p style=\"text-align: left;\"><strong>Fam\u00edlias carenciadas<\/strong> &#8211; Apoio psicossocial, acompanhamento e encaminhamento de fam\u00edlias carenciadas, bem como a presta\u00e7\u00e3o de apoio a n\u00edvel de g\u00e9neros alimentares, provenientes do Banco Alimentar Contra a Fome, do qual \u00e9 benefici\u00e1ria como <em>Institui\u00e7\u00e3o Mista<\/em>.<\/p>\n<h2 style=\"text-align: left;\">Principais A\u00e7\u00f5es<\/h2>\n<p style=\"text-align: left;\">Atua\u00e7\u00f5es diversas com o Rancho infantil e Juvenil da Casa do Povo de Bitar\u00e3es em diversos pontos do pa\u00eds. Participa\u00e7\u00e3o e organiza\u00e7\u00e3o de festivais de folclore.<\/p>\n<p style=\"text-align: left;\">Programa\u00e7\u00e3o, promo\u00e7\u00e3o, organiza\u00e7\u00e3o e participa\u00e7\u00e3o em diversas atividades de anima\u00e7\u00e3o s\u00f3cio cultural com os utentes do Centro de Conv\u00edvio, bem como da comunidade.<\/p>\n<p style=\"text-align: left;\">Aux\u00edlio \u00e0s fam\u00edlias em situa\u00e7\u00e3o de comprovada necessidade, dentro da capacidade de resposta da institui\u00e7\u00e3o, nomeadamente ao n\u00edvel processual, em acompanhamento no que se refere \u00e0s necessidades b\u00e1sicas, tais como g\u00e9neros alimentares, vestu\u00e1rios, cal\u00e7ado, mobili\u00e1rio, brinquedos, \u00f3culos, consultas, apoio ao arrendamento, entre outros.<\/p>\n<h2 style=\"text-align: left;\">Zona geogr\u00e1fica<\/h2>\n<p style=\"text-align: left;\">Inserido na \u00c1rea Metropolitana do Porto desde Outubro de 2013, o concelho de Paredes diverge em muitas das suas carater\u00edsticas dos outros concelhos da mesma \u00c1rea, estando inserido no Vale do Sousa e na NUI III &#8211; T\u00e2mega.<\/p>\n<p style=\"text-align: left;\">Entre 1991 e 2011 verificou-se uma queda ao n\u00edvel da estrutura populacional, evidenciando-se os grupos et\u00e1rios mais jovens (at\u00e9 24 anos). O grupo et\u00e1rio dos 0-14 perdeu 7,4 % e o grupo et\u00e1rio 15-24 perder 8,5 %. Verificou-se um aumento significativo do grupo et\u00e1rio 25-64 com uma percentagem de aumento de 11,5 %. Em 2011 o concelho de Paredes apresentava um \u00edndice de envelhecimento de 60,6 %, um aumento significativo comparativamente com 2001 (41,3 %).<\/p>\n","protected":false},"excerpt":{"rendered":"<p>Miss\u00e3o e Objetivos A Casa do Povo de Bitar\u00e3es tem por miss\u00e3o desenvolver atividades de carater Social e Cultural e colaborar com o Estado e as Autarquias, proporcionando-lhes o apoio que em cada caso se justifique, por forma a contribuir para a resolu\u00e7\u00e3o de problemas da respetiva \u00e1rea. Promover a\u00e7\u00f5es de anima\u00e7\u00e3o sociocultural, quer de [&hellip;]<\/p>\n","protected":false},"author":1,"featured_media":0,"parent":0,"menu_order":0,"comment_status":"closed","ping_status":"closed","template":"","meta":{"footnotes":""},"yoast_head":"<!-- This site is optimized with the Yoast SEO plugin v21.5 - https:\/\/yoast.com\/wordpress\/plugins\/seo\/ -->\r\n<title>Quem Somos - Casa do Povo de Bitar\u00e3es<\/title>\r\n<meta name=\"description\" content=\"A Casa do Povo de Bitar\u00e3es tem por miss\u00e3o desenvolver atividades de carater Social e Cultural\" \/>\r\n<meta name=\"robots\" content=\"index, follow, max-snippet:-1, max-image-preview:large, max-video-preview:-1\" \/>\r\n<link rel=\"canonical\" href=\"https:\/\/cpovobitaraes.eu\/index.php\/about-us\/\" \/>\r\n<meta property=\"og:locale\" content=\"pt_PT\" \/>\r\n<meta property=\"og:type\" content=\"article\" \/>\r\n<meta property=\"og:title\" content=\"Quem Somos - Casa do Povo de Bitar\u00e3es\" \/>\r\n<meta property=\"og:description\" content=\"A Casa do Povo de Bitar\u00e3es tem por miss\u00e3o desenvolver atividades de carater Social e Cultural\" \/>\r\n<meta property=\"og:url\" content=\"https:\/\/cpovobitaraes.eu\/index.php\/about-us\/\" \/>\r\n<meta property=\"og:site_name\" content=\"Casa do Povo de Bitar\u00e3es\" \/>\r\n<meta property=\"article:publisher\" content=\"https:\/\/www.facebook.com\/Casa-do-Povo-de-Bitar%c3%a3es-684105208273518\/\" \/>\r\n<meta property=\"article:modified_time\" content=\"2018-12-02T22:08:46+00:00\" \/>\r\n<meta name=\"twitter:card\" content=\"summary_large_image\" \/>\r\n<meta name=\"twitter:label1\" content=\"Tempo estimado de leitura\" \/>\n\t<meta name=\"twitter:data1\" content=\"3 minutos\" \/>\r\n<script type=\"application\/ld+json\" class=\"yoast-schema-graph\">{\"@context\":\"https:\/\/schema.org\",\"@graph\":[{\"@type\":\"WebPage\",\"@id\":\"https:\/\/cpovobitaraes.eu\/index.php\/about-us\/\",\"url\":\"https:\/\/cpovobitaraes.eu\/index.php\/about-us\/\",\"name\":\"Quem Somos - Casa do Povo de Bitar\u00e3es\",\"isPartOf\":{\"@id\":\"https:\/\/cpovobitaraes.eu\/#website\"},\"datePublished\":\"2018-07-12T14:32:57+00:00\",\"dateModified\":\"2018-12-02T22:08:46+00:00\",\"description\":\"A Casa do Povo de Bitar\u00e3es tem por miss\u00e3o desenvolver atividades de carater Social e Cultural\",\"breadcrumb\":{\"@id\":\"https:\/\/cpovobitaraes.eu\/index.php\/about-us\/#breadcrumb\"},\"inLanguage\":\"pt-PT\",\"potentialAction\":[{\"@type\":\"ReadAction\",\"target\":[\"https:\/\/cpovobitaraes.eu\/index.php\/about-us\/\"]}]},{\"@type\":\"BreadcrumbList\",\"@id\":\"https:\/\/cpovobitaraes.eu\/index.php\/about-us\/#breadcrumb\",\"itemListElement\":[{\"@type\":\"ListItem\",\"position\":1,\"name\":\"In\u00edcio\",\"item\":\"https:\/\/cpovobitaraes.eu\/\"},{\"@type\":\"ListItem\",\"position\":2,\"name\":\"Quem Somos\"}]},{\"@type\":\"WebSite\",\"@id\":\"https:\/\/cpovobitaraes.eu\/#website\",\"url\":\"https:\/\/cpovobitaraes.eu\/\",\"name\":\"Casa do Povo de Bitar\u00e3es\",\"description\":\"Ao servi\u00e7o da popula\u00e7\u00e3o\",\"publisher\":{\"@id\":\"https:\/\/cpovobitaraes.eu\/#organization\"},\"potentialAction\":[{\"@type\":\"SearchAction\",\"target\":{\"@type\":\"EntryPoint\",\"urlTemplate\":\"https:\/\/cpovobitaraes.eu\/?s={search_term_string}\"},\"query-input\":\"required name=search_term_string\"}],\"inLanguage\":\"pt-PT\"},{\"@type\":\"Organization\",\"@id\":\"https:\/\/cpovobitaraes.eu\/#organization\",\"name\":\"Casa do Povo de Bitar\u00e3es\",\"url\":\"https:\/\/cpovobitaraes.eu\/\",\"logo\":{\"@type\":\"ImageObject\",\"inLanguage\":\"pt-PT\",\"@id\":\"https:\/\/cpovobitaraes.eu\/#\/schema\/logo\/image\/\",\"url\":\"https:\/\/cpovobitaraes.eu\/wp-content\/uploads\/2018\/11\/logotipo120x120t.png\",\"contentUrl\":\"https:\/\/cpovobitaraes.eu\/wp-content\/uploads\/2018\/11\/logotipo120x120t.png\",\"width\":119,\"height\":128,\"caption\":\"Casa do Povo de Bitar\u00e3es\"},\"image\":{\"@id\":\"https:\/\/cpovobitaraes.eu\/#\/schema\/logo\/image\/\"},\"sameAs\":[\"https:\/\/www.facebook.com\/Casa-do-Povo-de-Bitar\u00e3es-684105208273518\/\"]}]}<\/script>\r\n<!-- \/ Yoast SEO plugin. -->","yoast_head_json":{"title":"Quem Somos - Casa do Povo de Bitar\u00e3es","description":"A Casa do Povo de Bitar\u00e3es tem por miss\u00e3o desenvolver atividades de carater Social e Cultural","robots":{"index":"index","follow":"follow","max-snippet":"max-snippet:-1","max-image-preview":"max-image-preview:large","max-video-preview":"max-video-preview:-1"},"canonical":"https:\/\/cpovobitaraes.eu\/index.php\/about-us\/","og_locale":"pt_PT","og_type":"article","og_title":"Quem Somos - Casa do Povo de Bitar\u00e3es","og_description":"A Casa do Povo de Bitar\u00e3es tem por miss\u00e3o desenvolver atividades de carater Social e Cultural","og_url":"https:\/\/cpovobitaraes.eu\/index.php\/about-us\/","og_site_name":"Casa do Povo de Bitar\u00e3es","article_publisher":"https:\/\/www.facebook.com\/Casa-do-Povo-de-Bitar%c3%a3es-684105208273518\/","article_modified_time":"2018-12-02T22:08:46+00:00","twitter_card":"summary_large_image","twitter_misc":{"Tempo estimado de leitura":"3 minutos"},"schema":{"@context":"https:\/\/schema.org","@graph":[{"@type":"WebPage","@id":"https:\/\/cpovobitaraes.eu\/index.php\/about-us\/","url":"https:\/\/cpovobitaraes.eu\/index.php\/about-us\/","name":"Quem Somos - Casa do Povo de Bitar\u00e3es","isPartOf":{"@id":"https:\/\/cpovobitaraes.eu\/#website"},"datePublished":"2018-07-12T14:32:57+00:00","dateModified":"2018-12-02T22:08:46+00:00","description":"A Casa do Povo de Bitar\u00e3es tem por miss\u00e3o desenvolver atividades de carater Social e Cultural","breadcrumb":{"@id":"https:\/\/cpovobitaraes.eu\/index.php\/about-us\/#breadcrumb"},"inLanguage":"pt-PT","potentialAction":[{"@type":"ReadAction","target":["https:\/\/cpovobitaraes.eu\/index.php\/about-us\/"]}]},{"@type":"BreadcrumbList","@id":"https:\/\/cpovobitaraes.eu\/index.php\/about-us\/#breadcrumb","itemListElement":[{"@type":"ListItem","position":1,"name":"In\u00edcio","item":"https:\/\/cpovobitaraes.eu\/"},{"@type":"ListItem","position":2,"name":"Quem Somos"}]},{"@type":"WebSite","@id":"https:\/\/cpovobitaraes.eu\/#website","url":"https:\/\/cpovobitaraes.eu\/","name":"Casa do Povo de Bitar\u00e3es","description":"Ao servi\u00e7o da popula\u00e7\u00e3o","publisher":{"@id":"https:\/\/cpovobitaraes.eu\/#organization"},"potentialAction":[{"@type":"SearchAction","target":{"@type":"EntryPoint","urlTemplate":"https:\/\/cpovobitaraes.eu\/?s={search_term_string}"},"query-input":"required name=search_term_string"}],"inLanguage":"pt-PT"},{"@type":"Organization","@id":"https:\/\/cpovobitaraes.eu\/#organization","name":"Casa do Povo de Bitar\u00e3es","url":"https:\/\/cpovobitaraes.eu\/","logo":{"@type":"ImageObject","inLanguage":"pt-PT","@id":"https:\/\/cpovobitaraes.eu\/#\/schema\/logo\/image\/","url":"https:\/\/cpovobitaraes.eu\/wp-content\/uploads\/2018\/11\/logotipo120x120t.png","contentUrl":"https:\/\/cpovobitaraes.eu\/wp-content\/uploads\/2018\/11\/logotipo120x120t.png","width":119,"height":128,"caption":"Casa do Povo de Bitar\u00e3es"},"image":{"@id":"https:\/\/cpovobitaraes.eu\/#\/schema\/logo\/image\/"},"sameAs":["https:\/\/www.facebook.com\/Casa-do-Povo-de-Bitar\u00e3es-684105208273518\/"]}]}},"_links":{"self":[{"href":"https:\/\/cpovobitaraes.eu\/index.php\/wp-json\/wp\/v2\/pages\/9"}],"collection":[{"href":"https:\/\/cpovobitaraes.eu\/index.php\/wp-json\/wp\/v2\/pages"}],"about":[{"href":"https:\/\/cpovobitaraes.eu\/index.php\/wp-json\/wp\/v2\/types\/page"}],"author":[{"embeddable":true,"href":"https:\/\/cpovobitaraes.eu\/index.php\/wp-json\/wp\/v2\/users\/1"}],"replies":[{"embeddable":true,"href":"https:\/\/cpovobitaraes.eu\/index.php\/wp-json\/wp\/v2\/comments?post=9"}],"version-history":[{"count":14,"href":"https:\/\/cpovobitaraes.eu\/index.php\/wp-json\/wp\/v2\/pages\/9\/revisions"}],"predecessor-version":[{"id":538,"href":"https:\/\/cpovobitaraes.eu\/index.php\/wp-json\/wp\/v2\/pages\/9\/revisions\/538"}],"wp:attachment":[{"href":"https:\/\/cpovobitaraes.eu\/index.php\/wp-json\/wp\/v2\/media?parent=9"}],"curies":[{"name":"wp","href":"https:\/\/api.w.org\/{rel}","templated":true}]}}