{"id":8,"date":"2018-07-12T14:32:56","date_gmt":"2018-07-12T14:32:56","guid":{"rendered":"http:\/\/cpovobitaraes.eu\/?page_id=8"},"modified":"2018-11-09T18:16:50","modified_gmt":"2018-11-09T18:16:50","slug":"home","status":"publish","type":"page","link":"https:\/\/cpovobitaraes.eu\/","title":{"rendered":"In\u00edcio"},"content":{"rendered":"<p><span class=\"wpsisacm-shortcode-preview\"><div id=\"metaslider-id-139\" style=\"max-width: 2256px;\" class=\"ml-slider-3-50-0 metaslider metaslider-flex metaslider-139 ml-slider ms-theme-default\" role=\"region\" aria-roledescription=\"Slideshow\" aria-label=\"segundo\">\n    <div id=\"metaslider_container_139\">\n        <div id=\"metaslider_139\">\n            <ul aria-live=\"polite\" class=\"slides\">\n                <li style=\"display: block; width: 100%;\" class=\"slide-758 ms-image\" aria-roledescription=\"slide\" aria-label=\"slide-758\"><img loading=\"lazy\" decoding=\"async\" width=\"800\" height=\"442\" src=\"https:\/\/cpovobitaraes.eu\/wp-content\/uploads\/2018\/11\/edificio3.jpg\" class=\"slider-139 slide-758\" alt=\"\" rel=\"\" title=\"edificio3\" srcset=\"https:\/\/cpovobitaraes.eu\/wp-content\/uploads\/2018\/11\/edificio3.jpg 800w, https:\/\/cpovobitaraes.eu\/wp-content\/uploads\/2018\/11\/edificio3-300x166.jpg 300w, https:\/\/cpovobitaraes.eu\/wp-content\/uploads\/2018\/11\/edificio3-768x424.jpg 768w\" sizes=\"(max-width: 800px) 100vw, 800px\" \/><\/li>\n                <li style=\"display: none; width: 100%;\" class=\"slide-156 ms-image\" aria-roledescription=\"slide\" aria-label=\"slide-156\"><img loading=\"lazy\" decoding=\"async\" width=\"2256\" height=\"1250\" src=\"https:\/\/cpovobitaraes.eu\/wp-content\/uploads\/2018\/11\/Utentes-do-Centro-de-Convivio-1.jpg\" class=\"slider-139 slide-156\" alt=\"\" rel=\"\" title=\"Utentes do Centro de Convivio\" srcset=\"https:\/\/cpovobitaraes.eu\/wp-content\/uploads\/2018\/11\/Utentes-do-Centro-de-Convivio-1.jpg 2256w, https:\/\/cpovobitaraes.eu\/wp-content\/uploads\/2018\/11\/Utentes-do-Centro-de-Convivio-1-300x166.jpg 300w, https:\/\/cpovobitaraes.eu\/wp-content\/uploads\/2018\/11\/Utentes-do-Centro-de-Convivio-1-768x426.jpg 768w, https:\/\/cpovobitaraes.eu\/wp-content\/uploads\/2018\/11\/Utentes-do-Centro-de-Convivio-1-1024x567.jpg 1024w\" sizes=\"(max-width: 2256px) 100vw, 2256px\" \/><\/li>\n                <li style=\"display: none; width: 100%;\" class=\"slide-148 ms-image\" aria-roledescription=\"slide\" aria-label=\"slide-148\"><img loading=\"lazy\" decoding=\"async\" width=\"2256\" height=\"1250\" src=\"https:\/\/cpovobitaraes.eu\/wp-content\/uploads\/2018\/11\/Rancho-Folclorico.jpg\" class=\"slider-139 slide-148\" alt=\"\" rel=\"\" title=\"Rancho Folclorico\" srcset=\"https:\/\/cpovobitaraes.eu\/wp-content\/uploads\/2018\/11\/Rancho-Folclorico.jpg 2256w, https:\/\/cpovobitaraes.eu\/wp-content\/uploads\/2018\/11\/Rancho-Folclorico-300x166.jpg 300w, https:\/\/cpovobitaraes.eu\/wp-content\/uploads\/2018\/11\/Rancho-Folclorico-768x426.jpg 768w, https:\/\/cpovobitaraes.eu\/wp-content\/uploads\/2018\/11\/Rancho-Folclorico-1024x567.jpg 1024w\" sizes=\"(max-width: 2256px) 100vw, 2256px\" \/><\/li>\n                <li style=\"display: none; width: 100%;\" class=\"slide-152 ms-image\" aria-roledescription=\"slide\" aria-label=\"slide-152\"><img loading=\"lazy\" decoding=\"async\" width=\"2256\" height=\"1250\" src=\"https:\/\/cpovobitaraes.eu\/wp-content\/uploads\/2018\/11\/Teatro-da-Casa-do-Povo-de-Bitaraes.jpg\" class=\"slider-139 slide-152\" alt=\"\" rel=\"\" title=\"Teatro da Casa do Povo de Bitaraes\" srcset=\"https:\/\/cpovobitaraes.eu\/wp-content\/uploads\/2018\/11\/Teatro-da-Casa-do-Povo-de-Bitaraes.jpg 2256w, https:\/\/cpovobitaraes.eu\/wp-content\/uploads\/2018\/11\/Teatro-da-Casa-do-Povo-de-Bitaraes-300x166.jpg 300w, https:\/\/cpovobitaraes.eu\/wp-content\/uploads\/2018\/11\/Teatro-da-Casa-do-Povo-de-Bitaraes-768x426.jpg 768w, https:\/\/cpovobitaraes.eu\/wp-content\/uploads\/2018\/11\/Teatro-da-Casa-do-Povo-de-Bitaraes-1024x567.jpg 1024w\" sizes=\"(max-width: 2256px) 100vw, 2256px\" \/><\/li>\n                <li style=\"display: none; width: 100%;\" class=\"slide-150 ms-image\" aria-roledescription=\"slide\" aria-label=\"slide-150\"><img loading=\"lazy\" decoding=\"async\" width=\"2256\" height=\"1250\" src=\"https:\/\/cpovobitaraes.eu\/wp-content\/uploads\/2018\/11\/Sala-de-leitura.jpg\" class=\"slider-139 slide-150\" alt=\"\" rel=\"\" title=\"Sala de leitura\" srcset=\"https:\/\/cpovobitaraes.eu\/wp-content\/uploads\/2018\/11\/Sala-de-leitura.jpg 2256w, https:\/\/cpovobitaraes.eu\/wp-content\/uploads\/2018\/11\/Sala-de-leitura-300x166.jpg 300w, https:\/\/cpovobitaraes.eu\/wp-content\/uploads\/2018\/11\/Sala-de-leitura-768x426.jpg 768w, https:\/\/cpovobitaraes.eu\/wp-content\/uploads\/2018\/11\/Sala-de-leitura-1024x567.jpg 1024w\" sizes=\"(max-width: 2256px) 100vw, 2256px\" \/><\/li>\n                <li style=\"display: none; width: 100%;\" class=\"slide-151 ms-image\" aria-roledescription=\"slide\" aria-label=\"slide-151\"><img loading=\"lazy\" decoding=\"async\" width=\"2256\" height=\"1250\" src=\"https:\/\/cpovobitaraes.eu\/wp-content\/uploads\/2018\/11\/Sala-multiusos.jpg\" class=\"slider-139 slide-151\" alt=\"\" rel=\"\" title=\"Sala multiusos\" srcset=\"https:\/\/cpovobitaraes.eu\/wp-content\/uploads\/2018\/11\/Sala-multiusos.jpg 2256w, https:\/\/cpovobitaraes.eu\/wp-content\/uploads\/2018\/11\/Sala-multiusos-300x166.jpg 300w, https:\/\/cpovobitaraes.eu\/wp-content\/uploads\/2018\/11\/Sala-multiusos-768x426.jpg 768w, https:\/\/cpovobitaraes.eu\/wp-content\/uploads\/2018\/11\/Sala-multiusos-1024x567.jpg 1024w\" sizes=\"(max-width: 2256px) 100vw, 2256px\" \/><\/li>\n                <li style=\"display: none; width: 100%;\" class=\"slide-157 ms-image\" aria-roledescription=\"slide\" aria-label=\"slide-157\"><img loading=\"lazy\" decoding=\"async\" width=\"2256\" height=\"1250\" src=\"https:\/\/cpovobitaraes.eu\/wp-content\/uploads\/2018\/11\/Sala-de-convivio.jpg\" class=\"slider-139 slide-157\" alt=\"\" rel=\"\" title=\"Sala de convivio\" srcset=\"https:\/\/cpovobitaraes.eu\/wp-content\/uploads\/2018\/11\/Sala-de-convivio.jpg 2256w, https:\/\/cpovobitaraes.eu\/wp-content\/uploads\/2018\/11\/Sala-de-convivio-300x166.jpg 300w, https:\/\/cpovobitaraes.eu\/wp-content\/uploads\/2018\/11\/Sala-de-convivio-768x426.jpg 768w, https:\/\/cpovobitaraes.eu\/wp-content\/uploads\/2018\/11\/Sala-de-convivio-1024x567.jpg 1024w\" sizes=\"(max-width: 2256px) 100vw, 2256px\" \/><\/li>\n                <li style=\"display: none; width: 100%;\" class=\"slide-2216 ms-image\" aria-roledescription=\"slide\" aria-label=\"slide-2216\"><img loading=\"lazy\" decoding=\"async\" width=\"2050\" height=\"738\" src=\"https:\/\/cpovobitaraes.eu\/wp-content\/uploads\/2023\/07\/Scan2023-07-03_111616.jpg\" class=\"slider-139 slide-2216\" alt=\"\" rel=\"\" title=\"Scan2023-07-03_111616\" srcset=\"https:\/\/cpovobitaraes.eu\/wp-content\/uploads\/2023\/07\/Scan2023-07-03_111616.jpg 2050w, https:\/\/cpovobitaraes.eu\/wp-content\/uploads\/2023\/07\/Scan2023-07-03_111616-300x108.jpg 300w, https:\/\/cpovobitaraes.eu\/wp-content\/uploads\/2023\/07\/Scan2023-07-03_111616-1024x369.jpg 1024w, https:\/\/cpovobitaraes.eu\/wp-content\/uploads\/2023\/07\/Scan2023-07-03_111616-768x276.jpg 768w, https:\/\/cpovobitaraes.eu\/wp-content\/uploads\/2023\/07\/Scan2023-07-03_111616-1536x553.jpg 1536w, https:\/\/cpovobitaraes.eu\/wp-content\/uploads\/2023\/07\/Scan2023-07-03_111616-2048x737.jpg 2048w\" sizes=\"(max-width: 2050px) 100vw, 2050px\" \/><\/li>\n            <\/ul>\n        <\/div>\n        \n    <\/div>\n<\/div><\/span><\/p>\n<h1 style=\"text-align: center;\">Bem vindo ao site da Casa do Povo de Bitar\u00e3es<\/h1>\n<h2><a href=\"http:\/\/cpovobitaraes.eu\/wp-content\/uploads\/2018\/11\/IMG_7375.jpg\"><img loading=\"lazy\" decoding=\"async\" class=\" wp-image-124 alignleft\" src=\"http:\/\/cpovobitaraes.eu\/wp-content\/uploads\/2018\/11\/IMG_7375-1024x683.jpg\" alt=\"\" width=\"660\" height=\"441\" srcset=\"https:\/\/cpovobitaraes.eu\/wp-content\/uploads\/2018\/11\/IMG_7375-1024x683.jpg 1024w, https:\/\/cpovobitaraes.eu\/wp-content\/uploads\/2018\/11\/IMG_7375-300x200.jpg 300w, https:\/\/cpovobitaraes.eu\/wp-content\/uploads\/2018\/11\/IMG_7375-768x512.jpg 768w\" sizes=\"(max-width: 660px) 100vw, 660px\" \/><\/a><strong>Sarau do Humor<\/strong><\/h2>\n<p>18 de Maio de 2018, foi marcado com o &#8220;II Sarau do Humor&#8221; organizado pela Casa do Povo de Bitar\u00e3es e a pela Santa Casa da Miseric\u00f3rdia de Paredes, no \u00e2mbito do trabalho desenvolvido enquanto Institui\u00e7\u00f5es pertencentes ao grupo \u201cSinergias XXI\u201d.<\/p>\n<p>Evento realizado no audit\u00f3rio da A Celer em Rebordosa que gentilmente cedeu aquele bel\u00edssimo espa\u00e7o a quem n\u00e3o podemos deixar de agradecer, contou com a participa\u00e7\u00e3o de cerca de 260 pessoas de 10 Institui\u00e7\u00f5es de 3\u00aa Idade: Associa\u00e7\u00e3o para o Desenvolvimento de Rebordosa; Associa\u00e7\u00e3o para o Desenvolvimento Integral de Lordelo; Casa do Povo de Bitar\u00e3es; Centro Social de C\u00eate; Centro S\u00f3cio Educativo Profissional de Parteira; Centro Social e Paroquial de Baltar; Centro <a href=\"http:\/\/cpovobitaraes.eu\/wp-content\/uploads\/2018\/11\/IMG_9147.jpg\"><img loading=\"lazy\" decoding=\"async\" class=\"wp-image-130 alignright\" src=\"http:\/\/cpovobitaraes.eu\/wp-content\/uploads\/2018\/11\/IMG_9147-1024x683.jpg\" alt=\"\" width=\"538\" height=\"359\" srcset=\"https:\/\/cpovobitaraes.eu\/wp-content\/uploads\/2018\/11\/IMG_9147-1024x683.jpg 1024w, https:\/\/cpovobitaraes.eu\/wp-content\/uploads\/2018\/11\/IMG_9147-300x200.jpg 300w, https:\/\/cpovobitaraes.eu\/wp-content\/uploads\/2018\/11\/IMG_9147-768x512.jpg 768w\" sizes=\"(max-width: 538px) 100vw, 538px\" \/><\/a>Social e Paroquial de Vilela; Santa Casa da Miseric\u00f3rdia de Pa\u00e7os de Ferreira; Santa Casa da Miseric\u00f3rdia de Penafiel; Santa Casa da Miseric\u00f3rdia de Paredes.<\/p>\n<p>Representa\u00e7\u00e3o, anedotas, notici\u00e1rio, m\u00fasica e dan\u00e7a contribu\u00edram para uma tarde bastante animada, na qual todas as institui\u00e7\u00f5es participantes tiveram a oportunidade de mostrar que \u201cRir \u00e9 o melhor rem\u00e9dio&#8221;.<\/p>\n<p>&nbsp;<\/p>\n","protected":false},"excerpt":{"rendered":"<p>Bem vindo ao site da Casa do Povo de Bitar\u00e3es Sarau do Humor 18 de Maio de 2018, foi marcado com o &#8220;II Sarau do Humor&#8221; organizado pela Casa do Povo de Bitar\u00e3es e a pela Santa Casa da Miseric\u00f3rdia de Paredes, no \u00e2mbito do trabalho desenvolvido enquanto Institui\u00e7\u00f5es pertencentes ao grupo \u201cSinergias XXI\u201d. Evento [&hellip;]<\/p>\n","protected":false},"author":1,"featured_media":0,"parent":0,"menu_order":0,"comment_status":"closed","ping_status":"closed","template":"","meta":{"footnotes":""},"yoast_head":"<!-- This site is optimized with the Yoast SEO plugin v21.5 - https:\/\/yoast.com\/wordpress\/plugins\/seo\/ -->\r\n<title>In\u00edcio - Casa do Povo de Bitar\u00e3es<\/title>\r\n<meta name=\"robots\" content=\"index, follow, max-snippet:-1, max-image-preview:large, max-video-preview:-1\" \/>\r\n<link rel=\"canonical\" href=\"https:\/\/cpovobitaraes.eu\/\" \/>\r\n<meta property=\"og:locale\" content=\"pt_PT\" \/>\r\n<meta property=\"og:type\" content=\"article\" \/>\r\n<meta property=\"og:title\" content=\"In\u00edcio - Casa do Povo de Bitar\u00e3es\" \/>\r\n<meta property=\"og:description\" content=\"Bem vindo ao site da Casa do Povo de Bitar\u00e3es Sarau do Humor 18 de Maio de 2018, foi marcado com o &#8220;II Sarau do Humor&#8221; organizado pela Casa do Povo de Bitar\u00e3es e a pela Santa Casa da Miseric\u00f3rdia de Paredes, no \u00e2mbito do trabalho desenvolvido enquanto Institui\u00e7\u00f5es pertencentes ao grupo \u201cSinergias XXI\u201d. Evento [&hellip;]\" \/>\r\n<meta property=\"og:url\" content=\"https:\/\/cpovobitaraes.eu\/\" \/>\r\n<meta property=\"og:site_name\" content=\"Casa do Povo de Bitar\u00e3es\" \/>\r\n<meta property=\"article:publisher\" content=\"https:\/\/www.facebook.com\/Casa-do-Povo-de-Bitar%c3%a3es-684105208273518\/\" \/>\r\n<meta property=\"article:modified_time\" content=\"2018-11-09T18:16:50+00:00\" \/>\r\n<meta property=\"og:image\" content=\"http:\/\/cpovobitaraes.eu\/wp-content\/uploads\/2018\/11\/IMG_7375-1024x683.jpg\" \/>\r\n<meta name=\"twitter:card\" content=\"summary_large_image\" \/>\r\n<meta name=\"twitter:label1\" content=\"Tempo estimado de leitura\" \/>\n\t<meta name=\"twitter:data1\" content=\"1 minuto\" \/>\r\n<script type=\"application\/ld+json\" class=\"yoast-schema-graph\">{\"@context\":\"https:\/\/schema.org\",\"@graph\":[{\"@type\":\"WebPage\",\"@id\":\"https:\/\/cpovobitaraes.eu\/\",\"url\":\"https:\/\/cpovobitaraes.eu\/\",\"name\":\"In\u00edcio - Casa do Povo de Bitar\u00e3es\",\"isPartOf\":{\"@id\":\"https:\/\/cpovobitaraes.eu\/#website\"},\"datePublished\":\"2018-07-12T14:32:56+00:00\",\"dateModified\":\"2018-11-09T18:16:50+00:00\",\"breadcrumb\":{\"@id\":\"https:\/\/cpovobitaraes.eu\/#breadcrumb\"},\"inLanguage\":\"pt-PT\",\"potentialAction\":[{\"@type\":\"ReadAction\",\"target\":[\"https:\/\/cpovobitaraes.eu\/\"]}]},{\"@type\":\"BreadcrumbList\",\"@id\":\"https:\/\/cpovobitaraes.eu\/#breadcrumb\",\"itemListElement\":[{\"@type\":\"ListItem\",\"position\":1,\"name\":\"In\u00edcio\",\"item\":\"https:\/\/cpovobitaraes.eu\/\"},{\"@type\":\"ListItem\",\"position\":2,\"name\":\"In\u00edcio\"}]},{\"@type\":\"WebSite\",\"@id\":\"https:\/\/cpovobitaraes.eu\/#website\",\"url\":\"https:\/\/cpovobitaraes.eu\/\",\"name\":\"Casa do Povo de Bitar\u00e3es\",\"description\":\"Ao servi\u00e7o da popula\u00e7\u00e3o\",\"publisher\":{\"@id\":\"https:\/\/cpovobitaraes.eu\/#organization\"},\"potentialAction\":[{\"@type\":\"SearchAction\",\"target\":{\"@type\":\"EntryPoint\",\"urlTemplate\":\"https:\/\/cpovobitaraes.eu\/?s={search_term_string}\"},\"query-input\":\"required name=search_term_string\"}],\"inLanguage\":\"pt-PT\"},{\"@type\":\"Organization\",\"@id\":\"https:\/\/cpovobitaraes.eu\/#organization\",\"name\":\"Casa do Povo de Bitar\u00e3es\",\"url\":\"https:\/\/cpovobitaraes.eu\/\",\"logo\":{\"@type\":\"ImageObject\",\"inLanguage\":\"pt-PT\",\"@id\":\"https:\/\/cpovobitaraes.eu\/#\/schema\/logo\/image\/\",\"url\":\"https:\/\/cpovobitaraes.eu\/wp-content\/uploads\/2018\/11\/logotipo120x120t.png\",\"contentUrl\":\"https:\/\/cpovobitaraes.eu\/wp-content\/uploads\/2018\/11\/logotipo120x120t.png\",\"width\":119,\"height\":128,\"caption\":\"Casa do Povo de Bitar\u00e3es\"},\"image\":{\"@id\":\"https:\/\/cpovobitaraes.eu\/#\/schema\/logo\/image\/\"},\"sameAs\":[\"https:\/\/www.facebook.com\/Casa-do-Povo-de-Bitar\u00e3es-684105208273518\/\"]}]}<\/script>\r\n<!-- \/ Yoast SEO plugin. -->","yoast_head_json":{"title":"In\u00edcio - Casa do Povo de Bitar\u00e3es","robots":{"index":"index","follow":"follow","max-snippet":"max-snippet:-1","max-image-preview":"max-image-preview:large","max-video-preview":"max-video-preview:-1"},"canonical":"https:\/\/cpovobitaraes.eu\/","og_locale":"pt_PT","og_type":"article","og_title":"In\u00edcio - Casa do Povo de Bitar\u00e3es","og_description":"Bem vindo ao site da Casa do Povo de Bitar\u00e3es Sarau do Humor 18 de Maio de 2018, foi marcado com o &#8220;II Sarau do Humor&#8221; organizado pela Casa do Povo de Bitar\u00e3es e a pela Santa Casa da Miseric\u00f3rdia de Paredes, no \u00e2mbito do trabalho desenvolvido enquanto Institui\u00e7\u00f5es pertencentes ao grupo \u201cSinergias XXI\u201d. Evento [&hellip;]","og_url":"https:\/\/cpovobitaraes.eu\/","og_site_name":"Casa do Povo de Bitar\u00e3es","article_publisher":"https:\/\/www.facebook.com\/Casa-do-Povo-de-Bitar%c3%a3es-684105208273518\/","article_modified_time":"2018-11-09T18:16:50+00:00","og_image":[{"url":"http:\/\/cpovobitaraes.eu\/wp-content\/uploads\/2018\/11\/IMG_7375-1024x683.jpg"}],"twitter_card":"summary_large_image","twitter_misc":{"Tempo estimado de leitura":"1 minuto"},"schema":{"@context":"https:\/\/schema.org","@graph":[{"@type":"WebPage","@id":"https:\/\/cpovobitaraes.eu\/","url":"https:\/\/cpovobitaraes.eu\/","name":"In\u00edcio - Casa do Povo de Bitar\u00e3es","isPartOf":{"@id":"https:\/\/cpovobitaraes.eu\/#website"},"datePublished":"2018-07-12T14:32:56+00:00","dateModified":"2018-11-09T18:16:50+00:00","breadcrumb":{"@id":"https:\/\/cpovobitaraes.eu\/#breadcrumb"},"inLanguage":"pt-PT","potentialAction":[{"@type":"ReadAction","target":["https:\/\/cpovobitaraes.eu\/"]}]},{"@type":"BreadcrumbList","@id":"https:\/\/cpovobitaraes.eu\/#breadcrumb","itemListElement":[{"@type":"ListItem","position":1,"name":"In\u00edcio","item":"https:\/\/cpovobitaraes.eu\/"},{"@type":"ListItem","position":2,"name":"In\u00edcio"}]},{"@type":"WebSite","@id":"https:\/\/cpovobitaraes.eu\/#website","url":"https:\/\/cpovobitaraes.eu\/","name":"Casa do Povo de Bitar\u00e3es","description":"Ao servi\u00e7o da popula\u00e7\u00e3o","publisher":{"@id":"https:\/\/cpovobitaraes.eu\/#organization"},"potentialAction":[{"@type":"SearchAction","target":{"@type":"EntryPoint","urlTemplate":"https:\/\/cpovobitaraes.eu\/?s={search_term_string}"},"query-input":"required name=search_term_string"}],"inLanguage":"pt-PT"},{"@type":"Organization","@id":"https:\/\/cpovobitaraes.eu\/#organization","name":"Casa do Povo de Bitar\u00e3es","url":"https:\/\/cpovobitaraes.eu\/","logo":{"@type":"ImageObject","inLanguage":"pt-PT","@id":"https:\/\/cpovobitaraes.eu\/#\/schema\/logo\/image\/","url":"https:\/\/cpovobitaraes.eu\/wp-content\/uploads\/2018\/11\/logotipo120x120t.png","contentUrl":"https:\/\/cpovobitaraes.eu\/wp-content\/uploads\/2018\/11\/logotipo120x120t.png","width":119,"height":128,"caption":"Casa do Povo de Bitar\u00e3es"},"image":{"@id":"https:\/\/cpovobitaraes.eu\/#\/schema\/logo\/image\/"},"sameAs":["https:\/\/www.facebook.com\/Casa-do-Povo-de-Bitar\u00e3es-684105208273518\/"]}]}},"_links":{"self":[{"href":"https:\/\/cpovobitaraes.eu\/index.php\/wp-json\/wp\/v2\/pages\/8"}],"collection":[{"href":"https:\/\/cpovobitaraes.eu\/index.php\/wp-json\/wp\/v2\/pages"}],"about":[{"href":"https:\/\/cpovobitaraes.eu\/index.php\/wp-json\/wp\/v2\/types\/page"}],"author":[{"embeddable":true,"href":"https:\/\/cpovobitaraes.eu\/index.php\/wp-json\/wp\/v2\/users\/1"}],"replies":[{"embeddable":true,"href":"https:\/\/cpovobitaraes.eu\/index.php\/wp-json\/wp\/v2\/comments?post=8"}],"version-history":[{"count":11,"href":"https:\/\/cpovobitaraes.eu\/index.php\/wp-json\/wp\/v2\/pages\/8\/revisions"}],"predecessor-version":[{"id":158,"href":"https:\/\/cpovobitaraes.eu\/index.php\/wp-json\/wp\/v2\/pages\/8\/revisions\/158"}],"wp:attachment":[{"href":"https:\/\/cpovobitaraes.eu\/index.php\/wp-json\/wp\/v2\/media?parent=8"}],"curies":[{"name":"wp","href":"https:\/\/api.w.org\/{rel}","templated":true}]}}