{"id":534,"date":"2018-12-02T02:25:53","date_gmt":"2018-12-02T02:25:53","guid":{"rendered":"https:\/\/cpovobitaraes.eu\/?page_id=534"},"modified":"2018-12-02T02:25:53","modified_gmt":"2018-12-02T02:25:53","slug":"mapa-do-site","status":"publish","type":"page","link":"https:\/\/cpovobitaraes.eu\/index.php\/mapa-do-site\/","title":{"rendered":"Mapa do Site"},"content":{"rendered":"<ul id=\"utilityNav\"><\/ul><ul id=\"primaryNav\" class=\"col4\"><li id=\"home\"><a href=\"https:\/\/cpovobitaraes.eu\">Casa do Povo de Bitar\u00e3es<\/a><\/li><li id=\"menu-item-506\" class=\"menu-item-506\"><a href=\"https:\/\/cpovobitaraes.eu\/\">In\u00edcio<\/a>\n<ul class=\"sub-menu\">\n\t<li id=\"menu-item-526\" class=\"menu-item-526\"><a href=\"https:\/\/cpovobitaraes.eu\/index.php\/2018\/11\/29\/mais-vida-ativa-2018-2019\/\">&#8221; Mais Vida Ativa&#8221; 2018\/2019<\/a><\/li>\n\t<li id=\"menu-item-527\" class=\"menu-item-527\"><a href=\"https:\/\/cpovobitaraes.eu\/index.php\/2018\/07\/06\/beach-party\/\">Beach Party<\/a><\/li>\n\t<li id=\"menu-item-528\" class=\"menu-item-528\"><a href=\"https:\/\/cpovobitaraes.eu\/index.php\/2018\/06\/14\/marchas-populares\/\">Marchas populares<\/a><\/li>\n\t<li id=\"menu-item-529\" class=\"menu-item-529\"><a href=\"https:\/\/cpovobitaraes.eu\/index.php\/2018\/05\/18\/sarau-do-humor\/\">Sarau do Humor<\/a><\/li>\n\t<li id=\"menu-item-530\" class=\"menu-item-530\"><a href=\"https:\/\/cpovobitaraes.eu\/index.php\/2018\/04\/27\/a-tua-cara-nao-me-e-estranha\/\">A tua cara n\u00e3o me \u00e9 estranha<\/a><\/li>\n\t<li id=\"menu-item-531\" class=\"menu-item-531\"><a href=\"https:\/\/cpovobitaraes.eu\/index.php\/2018\/01\/08\/janeiras-2018\/\">Janeiras 2018<\/a><\/li>\n<\/ul>\n<\/li>\n<li id=\"menu-item-520\" class=\"menu-item-520\"><a href=\"https:\/\/cpovobitaraes.eu\/index.php\/rancho-folclorico-infantil-juvenil-da-casa-do-povo-de-bitaraes\/\">Rancho<\/a><\/li>\n<li id=\"menu-item-525\" class=\"menu-item-525\"><a href=\"https:\/\/cpovobitaraes.eu\/index.php\/teatro\/\">Teatro<\/a><\/li>\n<li id=\"menu-item-509\" class=\"menu-item-509\"><a href=\"https:\/\/cpovobitaraes.eu\/index.php\/centro-de-convivio\/\">Centro de Conv\u00edvio<\/a>\n<ul class=\"sub-menu\">\n\t<li id=\"menu-item-532\" class=\"menu-item-532\"><a href=\"https:\/\/cpovobitaraes.eu\/index.php\/centro-de-convivio\/\">Centro de Conv\u00edvio<\/a><\/li>\n\t<li id=\"menu-item-521\" class=\"menu-item-521\"><a href=\"https:\/\/cpovobitaraes.eu\/index.php\/regulamento-interno\/\">Regulamento Interno<\/a><\/li>\n<\/ul>\n<\/li>\n<li id=\"menu-item-524\" class=\"menu-item-524\"><a href=\"https:\/\/cpovobitaraes.eu\/index.php\/servico-social\/\">Servi\u00e7o Social<\/a><\/li>\n<li id=\"menu-item-517\" class=\"menu-item-517\"><a href=\"https:\/\/cpovobitaraes.eu\/index.php\/perguntas\/\">Perguntas frequentes<\/a><\/li>\n<li id=\"menu-item-519\" class=\"menu-item-519\"><a href=\"https:\/\/cpovobitaraes.eu\/index.php\/about-us\/\">Quem Somos<\/a><\/li>\n<li id=\"menu-item-511\" class=\"menu-item-511\"><a href=\"https:\/\/cpovobitaraes.eu\/index.php\/contactos\/\">Contactos<\/a><\/li>\n<li id=\"menu-item-518\" class=\"menu-item-518\"><a rel=\"privacy-policy\" href=\"https:\/\/cpovobitaraes.eu\/index.php\/politica-privacidade\/\">Privacidade<\/a>\n<ul class=\"sub-menu\">\n\t<li id=\"menu-item-533\" class=\"menu-item-533\"><a rel=\"privacy-policy\" href=\"https:\/\/cpovobitaraes.eu\/index.php\/politica-privacidade\/\">Pol\u00edtica de Privacidade<\/a><\/li>\n\t<li id=\"menu-item-510\" class=\"menu-item-510\"><a href=\"https:\/\/cpovobitaraes.eu\/index.php\/consentimento\/\">Consentimento<\/a><\/li>\n\t<li id=\"menu-item-514\" class=\"menu-item-514\"><a href=\"https:\/\/cpovobitaraes.eu\/index.php\/consulta\/\">Pedido de Consulta de Dados Pessoais<\/a><\/li>\n\t<li id=\"menu-item-516\" class=\"menu-item-516\"><a href=\"https:\/\/cpovobitaraes.eu\/index.php\/retificacao\/\">Pedido de Retifica\u00e7\u00e3o de Dados Pessoais<\/a><\/li>\n\t<li id=\"menu-item-515\" class=\"menu-item-515\"><a href=\"https:\/\/cpovobitaraes.eu\/index.php\/esquecimento\/\">Pedido de Esquecimento de Dados Pessoais<\/a><\/li>\n<\/ul>\n<\/li>\n<\/ul>\n","protected":false},"excerpt":{"rendered":"Casa do Povo de Bitar\u00e3esIn\u00edcio &#8221; Mais Vida Ativa&#8221; 2018\/2019 Beach Party Marchas populares Sarau do Humor A tua cara n\u00e3o me \u00e9 estranha Janeiras 2018 Rancho Teatro Centro de Conv\u00edvio Centro de Conv\u00edvio Regulamento Interno Servi\u00e7o Social Perguntas frequentes Quem Somos Contactos Privacidade Pol\u00edtica de Privacidade Consentimento Pedido de Consulta de Dados Pessoais Pedido [...]","protected":false},"author":2,"featured_media":0,"parent":0,"menu_order":0,"comment_status":"closed","ping_status":"closed","template":"","meta":{"footnotes":""},"yoast_head":"<!-- This site is optimized with the Yoast SEO plugin v21.5 - https:\/\/yoast.com\/wordpress\/plugins\/seo\/ -->\r\n<title>Mapa do Site - Casa do Povo de Bitar\u00e3es<\/title>\r\n<meta name=\"robots\" content=\"index, follow, max-snippet:-1, max-image-preview:large, max-video-preview:-1\" \/>\r\n<link rel=\"canonical\" href=\"https:\/\/cpovobitaraes.eu\/index.php\/mapa-do-site\/\" \/>\r\n<meta property=\"og:locale\" content=\"pt_PT\" \/>\r\n<meta property=\"og:type\" content=\"article\" \/>\r\n<meta property=\"og:title\" content=\"Mapa do Site - Casa do Povo de Bitar\u00e3es\" \/>\r\n<meta property=\"og:url\" content=\"https:\/\/cpovobitaraes.eu\/index.php\/mapa-do-site\/\" \/>\r\n<meta property=\"og:site_name\" content=\"Casa do Povo de Bitar\u00e3es\" \/>\r\n<meta property=\"article:publisher\" content=\"https:\/\/www.facebook.com\/Casa-do-Povo-de-Bitar%c3%a3es-684105208273518\/\" \/>\r\n<meta name=\"twitter:card\" content=\"summary_large_image\" \/>\r\n<script type=\"application\/ld+json\" class=\"yoast-schema-graph\">{\"@context\":\"https:\/\/schema.org\",\"@graph\":[{\"@type\":\"WebPage\",\"@id\":\"https:\/\/cpovobitaraes.eu\/index.php\/mapa-do-site\/\",\"url\":\"https:\/\/cpovobitaraes.eu\/index.php\/mapa-do-site\/\",\"name\":\"Mapa do Site - Casa do Povo de Bitar\u00e3es\",\"isPartOf\":{\"@id\":\"https:\/\/cpovobitaraes.eu\/#website\"},\"datePublished\":\"2018-12-02T02:25:53+00:00\",\"dateModified\":\"2018-12-02T02:25:53+00:00\",\"breadcrumb\":{\"@id\":\"https:\/\/cpovobitaraes.eu\/index.php\/mapa-do-site\/#breadcrumb\"},\"inLanguage\":\"pt-PT\",\"potentialAction\":[{\"@type\":\"ReadAction\",\"target\":[\"https:\/\/cpovobitaraes.eu\/index.php\/mapa-do-site\/\"]}]},{\"@type\":\"BreadcrumbList\",\"@id\":\"https:\/\/cpovobitaraes.eu\/index.php\/mapa-do-site\/#breadcrumb\",\"itemListElement\":[{\"@type\":\"ListItem\",\"position\":1,\"name\":\"In\u00edcio\",\"item\":\"https:\/\/cpovobitaraes.eu\/\"},{\"@type\":\"ListItem\",\"position\":2,\"name\":\"Mapa do Site\"}]},{\"@type\":\"WebSite\",\"@id\":\"https:\/\/cpovobitaraes.eu\/#website\",\"url\":\"https:\/\/cpovobitaraes.eu\/\",\"name\":\"Casa do Povo de Bitar\u00e3es\",\"description\":\"Ao servi\u00e7o da popula\u00e7\u00e3o\",\"publisher\":{\"@id\":\"https:\/\/cpovobitaraes.eu\/#organization\"},\"potentialAction\":[{\"@type\":\"SearchAction\",\"target\":{\"@type\":\"EntryPoint\",\"urlTemplate\":\"https:\/\/cpovobitaraes.eu\/?s={search_term_string}\"},\"query-input\":\"required name=search_term_string\"}],\"inLanguage\":\"pt-PT\"},{\"@type\":\"Organization\",\"@id\":\"https:\/\/cpovobitaraes.eu\/#organization\",\"name\":\"Casa do Povo de Bitar\u00e3es\",\"url\":\"https:\/\/cpovobitaraes.eu\/\",\"logo\":{\"@type\":\"ImageObject\",\"inLanguage\":\"pt-PT\",\"@id\":\"https:\/\/cpovobitaraes.eu\/#\/schema\/logo\/image\/\",\"url\":\"https:\/\/cpovobitaraes.eu\/wp-content\/uploads\/2018\/11\/logotipo120x120t.png\",\"contentUrl\":\"https:\/\/cpovobitaraes.eu\/wp-content\/uploads\/2018\/11\/logotipo120x120t.png\",\"width\":119,\"height\":128,\"caption\":\"Casa do Povo de Bitar\u00e3es\"},\"image\":{\"@id\":\"https:\/\/cpovobitaraes.eu\/#\/schema\/logo\/image\/\"},\"sameAs\":[\"https:\/\/www.facebook.com\/Casa-do-Povo-de-Bitar\u00e3es-684105208273518\/\"]}]}<\/script>\r\n<!-- \/ Yoast SEO plugin. -->","yoast_head_json":{"title":"Mapa do Site - Casa do Povo de Bitar\u00e3es","robots":{"index":"index","follow":"follow","max-snippet":"max-snippet:-1","max-image-preview":"max-image-preview:large","max-video-preview":"max-video-preview:-1"},"canonical":"https:\/\/cpovobitaraes.eu\/index.php\/mapa-do-site\/","og_locale":"pt_PT","og_type":"article","og_title":"Mapa do Site - Casa do Povo de Bitar\u00e3es","og_url":"https:\/\/cpovobitaraes.eu\/index.php\/mapa-do-site\/","og_site_name":"Casa do Povo de Bitar\u00e3es","article_publisher":"https:\/\/www.facebook.com\/Casa-do-Povo-de-Bitar%c3%a3es-684105208273518\/","twitter_card":"summary_large_image","schema":{"@context":"https:\/\/schema.org","@graph":[{"@type":"WebPage","@id":"https:\/\/cpovobitaraes.eu\/index.php\/mapa-do-site\/","url":"https:\/\/cpovobitaraes.eu\/index.php\/mapa-do-site\/","name":"Mapa do Site - Casa do Povo de Bitar\u00e3es","isPartOf":{"@id":"https:\/\/cpovobitaraes.eu\/#website"},"datePublished":"2018-12-02T02:25:53+00:00","dateModified":"2018-12-02T02:25:53+00:00","breadcrumb":{"@id":"https:\/\/cpovobitaraes.eu\/index.php\/mapa-do-site\/#breadcrumb"},"inLanguage":"pt-PT","potentialAction":[{"@type":"ReadAction","target":["https:\/\/cpovobitaraes.eu\/index.php\/mapa-do-site\/"]}]},{"@type":"BreadcrumbList","@id":"https:\/\/cpovobitaraes.eu\/index.php\/mapa-do-site\/#breadcrumb","itemListElement":[{"@type":"ListItem","position":1,"name":"In\u00edcio","item":"https:\/\/cpovobitaraes.eu\/"},{"@type":"ListItem","position":2,"name":"Mapa do Site"}]},{"@type":"WebSite","@id":"https:\/\/cpovobitaraes.eu\/#website","url":"https:\/\/cpovobitaraes.eu\/","name":"Casa do Povo de Bitar\u00e3es","description":"Ao servi\u00e7o da popula\u00e7\u00e3o","publisher":{"@id":"https:\/\/cpovobitaraes.eu\/#organization"},"potentialAction":[{"@type":"SearchAction","target":{"@type":"EntryPoint","urlTemplate":"https:\/\/cpovobitaraes.eu\/?s={search_term_string}"},"query-input":"required name=search_term_string"}],"inLanguage":"pt-PT"},{"@type":"Organization","@id":"https:\/\/cpovobitaraes.eu\/#organization","name":"Casa do Povo de Bitar\u00e3es","url":"https:\/\/cpovobitaraes.eu\/","logo":{"@type":"ImageObject","inLanguage":"pt-PT","@id":"https:\/\/cpovobitaraes.eu\/#\/schema\/logo\/image\/","url":"https:\/\/cpovobitaraes.eu\/wp-content\/uploads\/2018\/11\/logotipo120x120t.png","contentUrl":"https:\/\/cpovobitaraes.eu\/wp-content\/uploads\/2018\/11\/logotipo120x120t.png","width":119,"height":128,"caption":"Casa do Povo de Bitar\u00e3es"},"image":{"@id":"https:\/\/cpovobitaraes.eu\/#\/schema\/logo\/image\/"},"sameAs":["https:\/\/www.facebook.com\/Casa-do-Povo-de-Bitar\u00e3es-684105208273518\/"]}]}},"_links":{"self":[{"href":"https:\/\/cpovobitaraes.eu\/index.php\/wp-json\/wp\/v2\/pages\/534"}],"collection":[{"href":"https:\/\/cpovobitaraes.eu\/index.php\/wp-json\/wp\/v2\/pages"}],"about":[{"href":"https:\/\/cpovobitaraes.eu\/index.php\/wp-json\/wp\/v2\/types\/page"}],"author":[{"embeddable":true,"href":"https:\/\/cpovobitaraes.eu\/index.php\/wp-json\/wp\/v2\/users\/2"}],"replies":[{"embeddable":true,"href":"https:\/\/cpovobitaraes.eu\/index.php\/wp-json\/wp\/v2\/comments?post=534"}],"version-history":[{"count":1,"href":"https:\/\/cpovobitaraes.eu\/index.php\/wp-json\/wp\/v2\/pages\/534\/revisions"}],"predecessor-version":[{"id":535,"href":"https:\/\/cpovobitaraes.eu\/index.php\/wp-json\/wp\/v2\/pages\/534\/revisions\/535"}],"wp:attachment":[{"href":"https:\/\/cpovobitaraes.eu\/index.php\/wp-json\/wp\/v2\/media?parent=534"}],"curies":[{"name":"wp","href":"https:\/\/api.w.org\/{rel}","templated":true}]}}