{"id":53,"date":"2018-07-12T15:28:52","date_gmt":"2018-07-12T15:28:52","guid":{"rendered":"http:\/\/cpovobitaraes.eu\/?page_id=53"},"modified":"2018-12-02T22:17:00","modified_gmt":"2018-12-02T22:17:00","slug":"servico-social","status":"publish","type":"page","link":"https:\/\/cpovobitaraes.eu\/index.php\/servico-social\/","title":{"rendered":"Servi\u00e7o Social"},"content":{"rendered":"<h2 style=\"text-align: center;\"><strong>SERVI\u00c7O SOCIAL<\/strong><\/h2>\n<h3 style=\"text-align: left;\"><strong>ATENDIMENTO \u00e0 comunidade\/ acompanhamento social<\/strong><\/h3>\n<p style=\"text-align: left;\">\u00c9 prestado atendimento e acompanhamento social a indiv\u00edduos e fam\u00edlias, com o objetivo de apoiar na resolu\u00e7\u00e3o de problemas sociais, em situa\u00e7\u00f5es de vulnerabilidade.<\/p>\n<p style=\"text-align: left;\">A comunidade beneficia de esclarecimentos de cariz geral, aconselhamento e encaminhamento para outras entidades p\u00fablicas e privadas.<\/p>\n<p style=\"text-align: left;\">\u00c9 prestado tamb\u00e9m apoio em g\u00e9neros alimentares \u00e0s pessoas com comprovada necessidade, atrav\u00e9s de alimentos provenientes do Banco Alimentar Contra a Fome do Porto.<\/p>\n<p style=\"text-align: left;\">Poder\u00e1 e dever\u00e1 ser feita marca\u00e7\u00e3o do atendimento por telefone ou pessoalmente, de 2\u00aa a 6\u00aa feira, das 14h \u00e0s 18h.<\/p>\n<p><a href=\"https:\/\/cpovobitaraes.eu\/wp-content\/uploads\/2018\/12\/Alimentos.jpg\"><img loading=\"lazy\" decoding=\"async\" class=\"aligncenter size-large wp-image-495\" src=\"https:\/\/cpovobitaraes.eu\/wp-content\/uploads\/2018\/12\/Alimentos-1024x576.jpg\" alt=\"\" width=\"900\" height=\"506\" srcset=\"https:\/\/cpovobitaraes.eu\/wp-content\/uploads\/2018\/12\/Alimentos-1024x576.jpg 1024w, https:\/\/cpovobitaraes.eu\/wp-content\/uploads\/2018\/12\/Alimentos-300x169.jpg 300w, https:\/\/cpovobitaraes.eu\/wp-content\/uploads\/2018\/12\/Alimentos-768x432.jpg 768w, https:\/\/cpovobitaraes.eu\/wp-content\/uploads\/2018\/12\/Alimentos.jpg 1600w\" sizes=\"(max-width: 900px) 100vw, 900px\" \/><\/a><\/p>\n","protected":false},"excerpt":{"rendered":"<p>SERVI\u00c7O SOCIAL ATENDIMENTO \u00e0 comunidade\/ acompanhamento social \u00c9 prestado atendimento e acompanhamento social a indiv\u00edduos e fam\u00edlias, com o objetivo de apoiar na resolu\u00e7\u00e3o de problemas sociais, em situa\u00e7\u00f5es de vulnerabilidade. A comunidade beneficia de esclarecimentos de cariz geral, aconselhamento e encaminhamento para outras entidades p\u00fablicas e privadas. \u00c9 prestado tamb\u00e9m apoio em g\u00e9neros alimentares [&hellip;]<\/p>\n","protected":false},"author":1,"featured_media":0,"parent":0,"menu_order":0,"comment_status":"closed","ping_status":"closed","template":"","meta":{"footnotes":""},"yoast_head":"<!-- This site is optimized with the Yoast SEO plugin v21.5 - https:\/\/yoast.com\/wordpress\/plugins\/seo\/ -->\r\n<title>Servi\u00e7o Social - Casa do Povo de Bitar\u00e3es<\/title>\r\n<meta name=\"description\" content=\"\u00c9 prestado atendimento e acompanhamento social a indiv\u00edduos e fam\u00edlias, com o objetivo de apoiar na resolu\u00e7\u00e3o de problemas sociais, em situa\u00e7\u00f5es de vulnerabilidade.\" \/>\r\n<meta name=\"robots\" content=\"index, follow, max-snippet:-1, max-image-preview:large, max-video-preview:-1\" \/>\r\n<link rel=\"canonical\" href=\"https:\/\/cpovobitaraes.eu\/index.php\/servico-social\/\" \/>\r\n<meta property=\"og:locale\" content=\"pt_PT\" \/>\r\n<meta property=\"og:type\" content=\"article\" \/>\r\n<meta property=\"og:title\" content=\"Servi\u00e7o Social - Casa do Povo de Bitar\u00e3es\" \/>\r\n<meta property=\"og:description\" content=\"\u00c9 prestado atendimento e acompanhamento social a indiv\u00edduos e fam\u00edlias, com o objetivo de apoiar na resolu\u00e7\u00e3o de problemas sociais, em situa\u00e7\u00f5es de vulnerabilidade.\" \/>\r\n<meta property=\"og:url\" content=\"https:\/\/cpovobitaraes.eu\/index.php\/servico-social\/\" \/>\r\n<meta property=\"og:site_name\" content=\"Casa do Povo de Bitar\u00e3es\" \/>\r\n<meta property=\"article:publisher\" content=\"https:\/\/www.facebook.com\/Casa-do-Povo-de-Bitar%c3%a3es-684105208273518\/\" \/>\r\n<meta property=\"article:modified_time\" content=\"2018-12-02T22:17:00+00:00\" \/>\r\n<meta property=\"og:image\" content=\"https:\/\/cpovobitaraes.eu\/wp-content\/uploads\/2018\/12\/Alimentos-1024x576.jpg\" \/>\r\n<meta name=\"twitter:card\" content=\"summary_large_image\" \/>\r\n<meta name=\"twitter:label1\" content=\"Tempo estimado de leitura\" \/>\n\t<meta name=\"twitter:data1\" content=\"1 minuto\" \/>\r\n<script type=\"application\/ld+json\" class=\"yoast-schema-graph\">{\"@context\":\"https:\/\/schema.org\",\"@graph\":[{\"@type\":\"WebPage\",\"@id\":\"https:\/\/cpovobitaraes.eu\/index.php\/servico-social\/\",\"url\":\"https:\/\/cpovobitaraes.eu\/index.php\/servico-social\/\",\"name\":\"Servi\u00e7o Social - Casa do Povo de Bitar\u00e3es\",\"isPartOf\":{\"@id\":\"https:\/\/cpovobitaraes.eu\/#website\"},\"datePublished\":\"2018-07-12T15:28:52+00:00\",\"dateModified\":\"2018-12-02T22:17:00+00:00\",\"description\":\"\u00c9 prestado atendimento e acompanhamento social a indiv\u00edduos e fam\u00edlias, com o objetivo de apoiar na resolu\u00e7\u00e3o de problemas sociais, em situa\u00e7\u00f5es de vulnerabilidade.\",\"breadcrumb\":{\"@id\":\"https:\/\/cpovobitaraes.eu\/index.php\/servico-social\/#breadcrumb\"},\"inLanguage\":\"pt-PT\",\"potentialAction\":[{\"@type\":\"ReadAction\",\"target\":[\"https:\/\/cpovobitaraes.eu\/index.php\/servico-social\/\"]}]},{\"@type\":\"BreadcrumbList\",\"@id\":\"https:\/\/cpovobitaraes.eu\/index.php\/servico-social\/#breadcrumb\",\"itemListElement\":[{\"@type\":\"ListItem\",\"position\":1,\"name\":\"In\u00edcio\",\"item\":\"https:\/\/cpovobitaraes.eu\/\"},{\"@type\":\"ListItem\",\"position\":2,\"name\":\"Servi\u00e7o Social\"}]},{\"@type\":\"WebSite\",\"@id\":\"https:\/\/cpovobitaraes.eu\/#website\",\"url\":\"https:\/\/cpovobitaraes.eu\/\",\"name\":\"Casa do Povo de Bitar\u00e3es\",\"description\":\"Ao servi\u00e7o da popula\u00e7\u00e3o\",\"publisher\":{\"@id\":\"https:\/\/cpovobitaraes.eu\/#organization\"},\"potentialAction\":[{\"@type\":\"SearchAction\",\"target\":{\"@type\":\"EntryPoint\",\"urlTemplate\":\"https:\/\/cpovobitaraes.eu\/?s={search_term_string}\"},\"query-input\":\"required name=search_term_string\"}],\"inLanguage\":\"pt-PT\"},{\"@type\":\"Organization\",\"@id\":\"https:\/\/cpovobitaraes.eu\/#organization\",\"name\":\"Casa do Povo de Bitar\u00e3es\",\"url\":\"https:\/\/cpovobitaraes.eu\/\",\"logo\":{\"@type\":\"ImageObject\",\"inLanguage\":\"pt-PT\",\"@id\":\"https:\/\/cpovobitaraes.eu\/#\/schema\/logo\/image\/\",\"url\":\"https:\/\/cpovobitaraes.eu\/wp-content\/uploads\/2018\/11\/logotipo120x120t.png\",\"contentUrl\":\"https:\/\/cpovobitaraes.eu\/wp-content\/uploads\/2018\/11\/logotipo120x120t.png\",\"width\":119,\"height\":128,\"caption\":\"Casa do Povo de Bitar\u00e3es\"},\"image\":{\"@id\":\"https:\/\/cpovobitaraes.eu\/#\/schema\/logo\/image\/\"},\"sameAs\":[\"https:\/\/www.facebook.com\/Casa-do-Povo-de-Bitar\u00e3es-684105208273518\/\"]}]}<\/script>\r\n<!-- \/ Yoast SEO plugin. -->","yoast_head_json":{"title":"Servi\u00e7o Social - Casa do Povo de Bitar\u00e3es","description":"\u00c9 prestado atendimento e acompanhamento social a indiv\u00edduos e fam\u00edlias, com o objetivo de apoiar na resolu\u00e7\u00e3o de problemas sociais, em situa\u00e7\u00f5es de vulnerabilidade.","robots":{"index":"index","follow":"follow","max-snippet":"max-snippet:-1","max-image-preview":"max-image-preview:large","max-video-preview":"max-video-preview:-1"},"canonical":"https:\/\/cpovobitaraes.eu\/index.php\/servico-social\/","og_locale":"pt_PT","og_type":"article","og_title":"Servi\u00e7o Social - Casa do Povo de Bitar\u00e3es","og_description":"\u00c9 prestado atendimento e acompanhamento social a indiv\u00edduos e fam\u00edlias, com o objetivo de apoiar na resolu\u00e7\u00e3o de problemas sociais, em situa\u00e7\u00f5es de vulnerabilidade.","og_url":"https:\/\/cpovobitaraes.eu\/index.php\/servico-social\/","og_site_name":"Casa do Povo de Bitar\u00e3es","article_publisher":"https:\/\/www.facebook.com\/Casa-do-Povo-de-Bitar%c3%a3es-684105208273518\/","article_modified_time":"2018-12-02T22:17:00+00:00","og_image":[{"url":"https:\/\/cpovobitaraes.eu\/wp-content\/uploads\/2018\/12\/Alimentos-1024x576.jpg"}],"twitter_card":"summary_large_image","twitter_misc":{"Tempo estimado de leitura":"1 minuto"},"schema":{"@context":"https:\/\/schema.org","@graph":[{"@type":"WebPage","@id":"https:\/\/cpovobitaraes.eu\/index.php\/servico-social\/","url":"https:\/\/cpovobitaraes.eu\/index.php\/servico-social\/","name":"Servi\u00e7o Social - Casa do Povo de Bitar\u00e3es","isPartOf":{"@id":"https:\/\/cpovobitaraes.eu\/#website"},"datePublished":"2018-07-12T15:28:52+00:00","dateModified":"2018-12-02T22:17:00+00:00","description":"\u00c9 prestado atendimento e acompanhamento social a indiv\u00edduos e fam\u00edlias, com o objetivo de apoiar na resolu\u00e7\u00e3o de problemas sociais, em situa\u00e7\u00f5es de vulnerabilidade.","breadcrumb":{"@id":"https:\/\/cpovobitaraes.eu\/index.php\/servico-social\/#breadcrumb"},"inLanguage":"pt-PT","potentialAction":[{"@type":"ReadAction","target":["https:\/\/cpovobitaraes.eu\/index.php\/servico-social\/"]}]},{"@type":"BreadcrumbList","@id":"https:\/\/cpovobitaraes.eu\/index.php\/servico-social\/#breadcrumb","itemListElement":[{"@type":"ListItem","position":1,"name":"In\u00edcio","item":"https:\/\/cpovobitaraes.eu\/"},{"@type":"ListItem","position":2,"name":"Servi\u00e7o Social"}]},{"@type":"WebSite","@id":"https:\/\/cpovobitaraes.eu\/#website","url":"https:\/\/cpovobitaraes.eu\/","name":"Casa do Povo de Bitar\u00e3es","description":"Ao servi\u00e7o da popula\u00e7\u00e3o","publisher":{"@id":"https:\/\/cpovobitaraes.eu\/#organization"},"potentialAction":[{"@type":"SearchAction","target":{"@type":"EntryPoint","urlTemplate":"https:\/\/cpovobitaraes.eu\/?s={search_term_string}"},"query-input":"required name=search_term_string"}],"inLanguage":"pt-PT"},{"@type":"Organization","@id":"https:\/\/cpovobitaraes.eu\/#organization","name":"Casa do Povo de Bitar\u00e3es","url":"https:\/\/cpovobitaraes.eu\/","logo":{"@type":"ImageObject","inLanguage":"pt-PT","@id":"https:\/\/cpovobitaraes.eu\/#\/schema\/logo\/image\/","url":"https:\/\/cpovobitaraes.eu\/wp-content\/uploads\/2018\/11\/logotipo120x120t.png","contentUrl":"https:\/\/cpovobitaraes.eu\/wp-content\/uploads\/2018\/11\/logotipo120x120t.png","width":119,"height":128,"caption":"Casa do Povo de Bitar\u00e3es"},"image":{"@id":"https:\/\/cpovobitaraes.eu\/#\/schema\/logo\/image\/"},"sameAs":["https:\/\/www.facebook.com\/Casa-do-Povo-de-Bitar\u00e3es-684105208273518\/"]}]}},"_links":{"self":[{"href":"https:\/\/cpovobitaraes.eu\/index.php\/wp-json\/wp\/v2\/pages\/53"}],"collection":[{"href":"https:\/\/cpovobitaraes.eu\/index.php\/wp-json\/wp\/v2\/pages"}],"about":[{"href":"https:\/\/cpovobitaraes.eu\/index.php\/wp-json\/wp\/v2\/types\/page"}],"author":[{"embeddable":true,"href":"https:\/\/cpovobitaraes.eu\/index.php\/wp-json\/wp\/v2\/users\/1"}],"replies":[{"embeddable":true,"href":"https:\/\/cpovobitaraes.eu\/index.php\/wp-json\/wp\/v2\/comments?post=53"}],"version-history":[{"count":12,"href":"https:\/\/cpovobitaraes.eu\/index.php\/wp-json\/wp\/v2\/pages\/53\/revisions"}],"predecessor-version":[{"id":496,"href":"https:\/\/cpovobitaraes.eu\/index.php\/wp-json\/wp\/v2\/pages\/53\/revisions\/496"}],"wp:attachment":[{"href":"https:\/\/cpovobitaraes.eu\/index.php\/wp-json\/wp\/v2\/media?parent=53"}],"curies":[{"name":"wp","href":"https:\/\/api.w.org\/{rel}","templated":true}]}}