{"id":398,"date":"2018-11-29T20:23:47","date_gmt":"2018-11-29T20:23:47","guid":{"rendered":"https:\/\/cpovobitaraes.eu\/?page_id=398"},"modified":"2018-12-02T03:45:57","modified_gmt":"2018-12-02T03:45:57","slug":"retificacao","status":"publish","type":"page","link":"https:\/\/cpovobitaraes.eu\/index.php\/retificacao\/","title":{"rendered":"Pedido de Retifica\u00e7\u00e3o de Dados Pessoais"},"content":{"rendered":"<p style=\"text-align: left;\">Estimado(a) Senhor,<\/p>\n<p style=\"text-align: left;\">A partir de 25 de Maio de 2018, existem novas regras relativas ao tratamento de dados pessoais <strong>refor\u00e7ando assim a sua prote\u00e7\u00e3o e privacidade.<\/strong> Esta \u00e9 uma altera\u00e7\u00e3o significativa, definida no Regulamento Geral de Prote\u00e7\u00e3o de Dados (RGPD) que estabelece novas medidas no tratamento dos mesmos pelas institui\u00e7\u00f5es.<\/p>\n<p style=\"text-align: left;\">Preocupamo-nos, desde sempre, com a prote\u00e7\u00e3o dos seus dados pessoais. Esta nova legisla\u00e7\u00e3o introduz medidas que permitem continuar a sentir-se em seguran\u00e7a connosco e \u00e9 uma oportunidade para <strong>atualizar os seus dados e prefer\u00eancias. <\/strong>Leia a nossa <a href=\"https:\/\/cpovobitaraes.eu\/index.php\/politica-privacidade\/\">Pol\u00edtica de Privacidade<\/a>.<\/p>\n<p style=\"text-align: left;\">No caso de pretender solicitar a<strong> Retifica\u00e7\u00e3o dos dados pessoais<\/strong> que possu\u00edmos, efetue o seu pedido no seguinte formul\u00e1rio. Indique a informa\u00e7\u00e3o que necessite de ser corrigida e o conte\u00fado correto.<\/p>\n<p style=\"text-align: left;\"><div role=\"form\" class=\"wpcf7\" id=\"wpcf7-f426-o1\" lang=\"pt-PT\" dir=\"ltr\">\n<div class=\"screen-reader-response\" aria-live=\"polite\"><\/div>\n<form action=\"\/index.php\/wp-json\/wp\/v2\/pages\/398#wpcf7-f426-o1\" method=\"post\" class=\"wpcf7-form\" novalidate=\"novalidate\">\n<div style=\"display: none;\">\n<input type=\"hidden\" name=\"_wpcf7\" value=\"426\" \/>\n<input type=\"hidden\" name=\"_wpcf7_version\" value=\"5.1.9\" \/>\n<input type=\"hidden\" name=\"_wpcf7_locale\" value=\"pt_PT\" \/>\n<input type=\"hidden\" name=\"_wpcf7_unit_tag\" value=\"wpcf7-f426-o1\" \/>\n<input type=\"hidden\" name=\"_wpcf7_container_post\" value=\"0\" \/>\n<\/div>\n<p><label> Nome (necess\u00e1rio)<br \/>\n    <span class=\"wpcf7-form-control-wrap nome\"><input type=\"text\" name=\"nome\" value=\"\" size=\"40\" class=\"wpcf7-form-control wpcf7-text wpcf7-validates-as-required\" aria-required=\"true\" aria-invalid=\"false\" \/><\/span> <\/label><\/p>\n<p><label> Email (opcional)<br \/>\n    <span class=\"wpcf7-form-control-wrap email\"><input type=\"email\" name=\"email\" value=\"\" size=\"40\" class=\"wpcf7-form-control wpcf7-text wpcf7-email wpcf7-validates-as-email\" aria-invalid=\"false\" \/><\/span> <\/label><br \/>\n<label> Telefone (opcional)<br \/>\n    <span class=\"wpcf7-form-control-wrap telefone\"><input type=\"text\" name=\"telefone\" value=\"\" size=\"40\" class=\"wpcf7-form-control wpcf7-text\" aria-invalid=\"false\" \/><\/span> <\/label><\/p>\n<p><label> Indique a informa\u00e7\u00e3o a corrigir<br \/>\n    <span class=\"wpcf7-form-control-wrap mensagem\"><textarea name=\"mensagem\" cols=\"40\" rows=\"10\" class=\"wpcf7-form-control wpcf7-textarea\" aria-invalid=\"false\"><\/textarea><\/span> <\/label><\/p>\n<p><span class=\"wpcf7-form-control-wrap Autorizo\"><span class=\"wpcf7-form-control wpcf7-checkbox\"><span class=\"wpcf7-list-item first last\"><input type=\"checkbox\" name=\"Autorizo[]\" value=\"Autorizo o tratamento dos meus dados pessoais para fins de informacao e publicidade de eventos\" \/><span class=\"wpcf7-list-item-label\">Autorizo o tratamento dos meus dados pessoais para fins de informacao e publicidade de eventos<\/span><\/span><\/span><\/span><\/p>\n<p><span class=\"wpcf7-form-control-wrap Meio_Contacto\"><span class=\"wpcf7-form-control wpcf7-checkbox\"><span class=\"wpcf7-list-item first\"><input type=\"checkbox\" name=\"Meio_Contacto[]\" value=\"Email\" \/><span class=\"wpcf7-list-item-label\">Email<\/span><\/span><span class=\"wpcf7-list-item\"><input type=\"checkbox\" name=\"Meio_Contacto[]\" value=\"SMS\" \/><span class=\"wpcf7-list-item-label\">SMS<\/span><\/span><span class=\"wpcf7-list-item last\"><input type=\"checkbox\" name=\"Meio_Contacto[]\" value=\"Telefone\" \/><span class=\"wpcf7-list-item-label\">Telefone<\/span><\/span><\/span><\/span><\/p>\n<p>[recaptcha id:retificacao]<\/p>\n<p><input type=\"submit\" value=\"Enviar\" class=\"wpcf7-form-control wpcf7-submit\" \/><\/p>\n<p style=\"display: none !important;\"><label>&#916;<textarea name=\"_wpcf7_ak_hp_textarea\" cols=\"45\" rows=\"8\" maxlength=\"100\"><\/textarea><\/label><input type=\"hidden\" id=\"ak_js_1\" name=\"_wpcf7_ak_js\" value=\"246\"\/><script>document.getElementById( \"ak_js_1\" ).setAttribute( \"value\", ( new Date() ).getTime() );<\/script><\/p><div class=\"wpcf7-response-output wpcf7-display-none\" aria-hidden=\"true\"><\/div><\/form><\/div>\n<p style=\"text-align: left;\">A qualquer momento se pretender tratar de qualquer assunto relacionado com os seus dados pessoais, fa\u00e7o neste site, entre em contacto pelo e-mail <a href=\"mailto:direcao@cpovobitaraes.eu\">direcao@cpovobitaraes.eu<\/a> ou para a morada:<\/p>\n<p style=\"text-align: left;\">Casa do Povo de Bitar\u00e3es<br \/>\nRua da Nossa Senhora dos Ch\u00e3os, 686<br \/>\n4580-297 Bitar\u00e3es<br \/>\nTelefone 255 777 472<\/p>\n","protected":false},"excerpt":{"rendered":"<p>Estimado(a) Senhor, A partir de 25 de Maio de 2018, existem novas regras relativas ao tratamento de dados pessoais refor\u00e7ando assim a sua prote\u00e7\u00e3o e privacidade. Esta \u00e9 uma altera\u00e7\u00e3o significativa, definida no Regulamento Geral de Prote\u00e7\u00e3o de Dados (RGPD) que estabelece novas medidas no tratamento dos mesmos pelas institui\u00e7\u00f5es. Preocupamo-nos, desde sempre, com a [&hellip;]<\/p>\n","protected":false},"author":2,"featured_media":0,"parent":0,"menu_order":0,"comment_status":"closed","ping_status":"closed","template":"","meta":{"footnotes":""},"yoast_head":"<!-- This site is optimized with the Yoast SEO plugin v21.5 - https:\/\/yoast.com\/wordpress\/plugins\/seo\/ -->\r\n<title>Pedido de Retifica\u00e7\u00e3o de Dados Pessoais - Casa do Povo de Bitar\u00e3es<\/title>\r\n<meta name=\"robots\" content=\"index, follow, max-snippet:-1, max-image-preview:large, max-video-preview:-1\" \/>\r\n<link rel=\"canonical\" href=\"https:\/\/cpovobitaraes.eu\/index.php\/retificacao\/\" \/>\r\n<meta property=\"og:locale\" content=\"pt_PT\" \/>\r\n<meta property=\"og:type\" content=\"article\" \/>\r\n<meta property=\"og:title\" content=\"Pedido de Retifica\u00e7\u00e3o de Dados Pessoais - Casa do Povo de Bitar\u00e3es\" \/>\r\n<meta property=\"og:description\" content=\"Estimado(a) Senhor, A partir de 25 de Maio de 2018, existem novas regras relativas ao tratamento de dados pessoais refor\u00e7ando assim a sua prote\u00e7\u00e3o e privacidade. Esta \u00e9 uma altera\u00e7\u00e3o significativa, definida no Regulamento Geral de Prote\u00e7\u00e3o de Dados (RGPD) que estabelece novas medidas no tratamento dos mesmos pelas institui\u00e7\u00f5es. Preocupamo-nos, desde sempre, com a [&hellip;]\" \/>\r\n<meta property=\"og:url\" content=\"https:\/\/cpovobitaraes.eu\/index.php\/retificacao\/\" \/>\r\n<meta property=\"og:site_name\" content=\"Casa do Povo de Bitar\u00e3es\" \/>\r\n<meta property=\"article:publisher\" content=\"https:\/\/www.facebook.com\/Casa-do-Povo-de-Bitar%c3%a3es-684105208273518\/\" \/>\r\n<meta property=\"article:modified_time\" content=\"2018-12-02T03:45:57+00:00\" \/>\r\n<meta name=\"twitter:card\" content=\"summary_large_image\" \/>\r\n<meta name=\"twitter:label1\" content=\"Tempo estimado de leitura\" \/>\n\t<meta name=\"twitter:data1\" content=\"1 minuto\" \/>\r\n<script type=\"application\/ld+json\" class=\"yoast-schema-graph\">{\"@context\":\"https:\/\/schema.org\",\"@graph\":[{\"@type\":\"WebPage\",\"@id\":\"https:\/\/cpovobitaraes.eu\/index.php\/retificacao\/\",\"url\":\"https:\/\/cpovobitaraes.eu\/index.php\/retificacao\/\",\"name\":\"Pedido de Retifica\u00e7\u00e3o de Dados Pessoais - Casa do Povo de Bitar\u00e3es\",\"isPartOf\":{\"@id\":\"https:\/\/cpovobitaraes.eu\/#website\"},\"datePublished\":\"2018-11-29T20:23:47+00:00\",\"dateModified\":\"2018-12-02T03:45:57+00:00\",\"breadcrumb\":{\"@id\":\"https:\/\/cpovobitaraes.eu\/index.php\/retificacao\/#breadcrumb\"},\"inLanguage\":\"pt-PT\",\"potentialAction\":[{\"@type\":\"ReadAction\",\"target\":[\"https:\/\/cpovobitaraes.eu\/index.php\/retificacao\/\"]}]},{\"@type\":\"BreadcrumbList\",\"@id\":\"https:\/\/cpovobitaraes.eu\/index.php\/retificacao\/#breadcrumb\",\"itemListElement\":[{\"@type\":\"ListItem\",\"position\":1,\"name\":\"In\u00edcio\",\"item\":\"https:\/\/cpovobitaraes.eu\/\"},{\"@type\":\"ListItem\",\"position\":2,\"name\":\"Pedido de Retifica\u00e7\u00e3o de Dados Pessoais\"}]},{\"@type\":\"WebSite\",\"@id\":\"https:\/\/cpovobitaraes.eu\/#website\",\"url\":\"https:\/\/cpovobitaraes.eu\/\",\"name\":\"Casa do Povo de Bitar\u00e3es\",\"description\":\"Ao servi\u00e7o da popula\u00e7\u00e3o\",\"publisher\":{\"@id\":\"https:\/\/cpovobitaraes.eu\/#organization\"},\"potentialAction\":[{\"@type\":\"SearchAction\",\"target\":{\"@type\":\"EntryPoint\",\"urlTemplate\":\"https:\/\/cpovobitaraes.eu\/?s={search_term_string}\"},\"query-input\":\"required name=search_term_string\"}],\"inLanguage\":\"pt-PT\"},{\"@type\":\"Organization\",\"@id\":\"https:\/\/cpovobitaraes.eu\/#organization\",\"name\":\"Casa do Povo de Bitar\u00e3es\",\"url\":\"https:\/\/cpovobitaraes.eu\/\",\"logo\":{\"@type\":\"ImageObject\",\"inLanguage\":\"pt-PT\",\"@id\":\"https:\/\/cpovobitaraes.eu\/#\/schema\/logo\/image\/\",\"url\":\"https:\/\/cpovobitaraes.eu\/wp-content\/uploads\/2018\/11\/logotipo120x120t.png\",\"contentUrl\":\"https:\/\/cpovobitaraes.eu\/wp-content\/uploads\/2018\/11\/logotipo120x120t.png\",\"width\":119,\"height\":128,\"caption\":\"Casa do Povo de Bitar\u00e3es\"},\"image\":{\"@id\":\"https:\/\/cpovobitaraes.eu\/#\/schema\/logo\/image\/\"},\"sameAs\":[\"https:\/\/www.facebook.com\/Casa-do-Povo-de-Bitar\u00e3es-684105208273518\/\"]}]}<\/script>\r\n<!-- \/ Yoast SEO plugin. -->","yoast_head_json":{"title":"Pedido de Retifica\u00e7\u00e3o de Dados Pessoais - Casa do Povo de Bitar\u00e3es","robots":{"index":"index","follow":"follow","max-snippet":"max-snippet:-1","max-image-preview":"max-image-preview:large","max-video-preview":"max-video-preview:-1"},"canonical":"https:\/\/cpovobitaraes.eu\/index.php\/retificacao\/","og_locale":"pt_PT","og_type":"article","og_title":"Pedido de Retifica\u00e7\u00e3o de Dados Pessoais - Casa do Povo de Bitar\u00e3es","og_description":"Estimado(a) Senhor, A partir de 25 de Maio de 2018, existem novas regras relativas ao tratamento de dados pessoais refor\u00e7ando assim a sua prote\u00e7\u00e3o e privacidade. Esta \u00e9 uma altera\u00e7\u00e3o significativa, definida no Regulamento Geral de Prote\u00e7\u00e3o de Dados (RGPD) que estabelece novas medidas no tratamento dos mesmos pelas institui\u00e7\u00f5es. Preocupamo-nos, desde sempre, com a [&hellip;]","og_url":"https:\/\/cpovobitaraes.eu\/index.php\/retificacao\/","og_site_name":"Casa do Povo de Bitar\u00e3es","article_publisher":"https:\/\/www.facebook.com\/Casa-do-Povo-de-Bitar%c3%a3es-684105208273518\/","article_modified_time":"2018-12-02T03:45:57+00:00","twitter_card":"summary_large_image","twitter_misc":{"Tempo estimado de leitura":"1 minuto"},"schema":{"@context":"https:\/\/schema.org","@graph":[{"@type":"WebPage","@id":"https:\/\/cpovobitaraes.eu\/index.php\/retificacao\/","url":"https:\/\/cpovobitaraes.eu\/index.php\/retificacao\/","name":"Pedido de Retifica\u00e7\u00e3o de Dados Pessoais - Casa do Povo de Bitar\u00e3es","isPartOf":{"@id":"https:\/\/cpovobitaraes.eu\/#website"},"datePublished":"2018-11-29T20:23:47+00:00","dateModified":"2018-12-02T03:45:57+00:00","breadcrumb":{"@id":"https:\/\/cpovobitaraes.eu\/index.php\/retificacao\/#breadcrumb"},"inLanguage":"pt-PT","potentialAction":[{"@type":"ReadAction","target":["https:\/\/cpovobitaraes.eu\/index.php\/retificacao\/"]}]},{"@type":"BreadcrumbList","@id":"https:\/\/cpovobitaraes.eu\/index.php\/retificacao\/#breadcrumb","itemListElement":[{"@type":"ListItem","position":1,"name":"In\u00edcio","item":"https:\/\/cpovobitaraes.eu\/"},{"@type":"ListItem","position":2,"name":"Pedido de Retifica\u00e7\u00e3o de Dados Pessoais"}]},{"@type":"WebSite","@id":"https:\/\/cpovobitaraes.eu\/#website","url":"https:\/\/cpovobitaraes.eu\/","name":"Casa do Povo de Bitar\u00e3es","description":"Ao servi\u00e7o da popula\u00e7\u00e3o","publisher":{"@id":"https:\/\/cpovobitaraes.eu\/#organization"},"potentialAction":[{"@type":"SearchAction","target":{"@type":"EntryPoint","urlTemplate":"https:\/\/cpovobitaraes.eu\/?s={search_term_string}"},"query-input":"required name=search_term_string"}],"inLanguage":"pt-PT"},{"@type":"Organization","@id":"https:\/\/cpovobitaraes.eu\/#organization","name":"Casa do Povo de Bitar\u00e3es","url":"https:\/\/cpovobitaraes.eu\/","logo":{"@type":"ImageObject","inLanguage":"pt-PT","@id":"https:\/\/cpovobitaraes.eu\/#\/schema\/logo\/image\/","url":"https:\/\/cpovobitaraes.eu\/wp-content\/uploads\/2018\/11\/logotipo120x120t.png","contentUrl":"https:\/\/cpovobitaraes.eu\/wp-content\/uploads\/2018\/11\/logotipo120x120t.png","width":119,"height":128,"caption":"Casa do Povo de Bitar\u00e3es"},"image":{"@id":"https:\/\/cpovobitaraes.eu\/#\/schema\/logo\/image\/"},"sameAs":["https:\/\/www.facebook.com\/Casa-do-Povo-de-Bitar\u00e3es-684105208273518\/"]}]}},"_links":{"self":[{"href":"https:\/\/cpovobitaraes.eu\/index.php\/wp-json\/wp\/v2\/pages\/398"}],"collection":[{"href":"https:\/\/cpovobitaraes.eu\/index.php\/wp-json\/wp\/v2\/pages"}],"about":[{"href":"https:\/\/cpovobitaraes.eu\/index.php\/wp-json\/wp\/v2\/types\/page"}],"author":[{"embeddable":true,"href":"https:\/\/cpovobitaraes.eu\/index.php\/wp-json\/wp\/v2\/users\/2"}],"replies":[{"embeddable":true,"href":"https:\/\/cpovobitaraes.eu\/index.php\/wp-json\/wp\/v2\/comments?post=398"}],"version-history":[{"count":8,"href":"https:\/\/cpovobitaraes.eu\/index.php\/wp-json\/wp\/v2\/pages\/398\/revisions"}],"predecessor-version":[{"id":545,"href":"https:\/\/cpovobitaraes.eu\/index.php\/wp-json\/wp\/v2\/pages\/398\/revisions\/545"}],"wp:attachment":[{"href":"https:\/\/cpovobitaraes.eu\/index.php\/wp-json\/wp\/v2\/media?parent=398"}],"curies":[{"name":"wp","href":"https:\/\/api.w.org\/{rel}","templated":true}]}}