{"id":3940,"date":"2025-05-09T11:09:42","date_gmt":"2025-05-09T11:09:42","guid":{"rendered":"https:\/\/cpovobitaraes.eu\/?page_id=3940"},"modified":"2025-05-09T18:24:53","modified_gmt":"2025-05-09T18:24:53","slug":"relatorio-de-contas-2024","status":"publish","type":"page","link":"https:\/\/cpovobitaraes.eu\/index.php\/relatorio-de-contas-2024\/","title":{"rendered":"Relat\u00f3rio de Contas 2024"},"content":{"rendered":"<a href=\"https:\/\/cpovobitaraes.eu\/wp-content\/uploads\/2025\/05\/Balanco-2024.pdf\" class=\"pdfemb-viewer\" style=\"\" data-width=\"max\" data-height=\"max\"  data-toolbar=\"top\" data-toolbar-fixed=\"on\">Balan\u00e7o 2024<br\/><\/a>\n\n\n\n<hr class=\"wp-block-separator has-alpha-channel-opacity\"\/>\n\n\n<a href=\"https:\/\/cpovobitaraes.eu\/wp-content\/uploads\/2025\/05\/demonstracao-resultados-2024.pdf\" class=\"pdfemb-viewer\" style=\"\" data-width=\"max\" data-height=\"max\"  data-toolbar=\"top\" data-toolbar-fixed=\"on\">Demonstra\u00e7\u00e3o de Resultados 2024<br\/><\/a>\n\n\n\n<hr class=\"wp-block-separator has-alpha-channel-opacity\"\/>\n\n\n<a href=\"https:\/\/cpovobitaraes.eu\/wp-content\/uploads\/2025\/05\/anexos-ao-balanco-e-demonstracao-de-resultados-2024.pdf\" class=\"pdfemb-viewer\" style=\"\" data-width=\"max\" data-height=\"max\"  data-toolbar=\"top\" data-toolbar-fixed=\"on\">Anexos ao Balan\u00e7o e Demonstra\u00e7ao de Resultados 2024<br\/><\/a>\n\n\n\n<hr class=\"wp-block-separator has-alpha-channel-opacity\"\/>\n\n\n<a href=\"https:\/\/cpovobitaraes.eu\/wp-content\/uploads\/2025\/05\/balancete-geral-dezembro-2024.pdf\" class=\"pdfemb-viewer\" style=\"\" data-width=\"max\" data-height=\"max\"  data-toolbar=\"top\" data-toolbar-fixed=\"on\">Balancete Geral Dezembro\/2024<br\/><\/a>\n\n\n\n<hr class=\"wp-block-separator has-alpha-channel-opacity\"\/>\n\n\n<a href=\"https:\/\/cpovobitaraes.eu\/wp-content\/uploads\/2025\/05\/balancete-geral-regularizacao-2024.pdf\" class=\"pdfemb-viewer\" style=\"\" data-width=\"max\" data-height=\"max\"  data-toolbar=\"top\" data-toolbar-fixed=\"on\">Balancete Geral Regulariza\u00e7\u00e3o\/2024<br\/><\/a>\n\n\n\n<hr class=\"wp-block-separator has-alpha-channel-opacity\"\/>\n\n\n<a href=\"https:\/\/cpovobitaraes.eu\/wp-content\/uploads\/2025\/05\/balancete-geral-apuramento-2024.pdf\" class=\"pdfemb-viewer\" style=\"\" data-width=\"max\" data-height=\"max\"  data-toolbar=\"top\" data-toolbar-fixed=\"on\">Balancete Geral - Apuramento 2024<br\/><\/a>\n\n\n\n<hr class=\"wp-block-separator has-alpha-channel-opacity\"\/>\n\n\n<a href=\"https:\/\/cpovobitaraes.eu\/wp-content\/uploads\/2025\/05\/mapa-explicativo-2024.pdf\" class=\"pdfemb-viewer\" style=\"\" data-width=\"max\" data-height=\"max\"  data-toolbar=\"top\" data-toolbar-fixed=\"on\">Mapa Explicativo 2024 Proveitos e Despesas<br\/><\/a>\n\n\n\n<hr class=\"wp-block-separator has-alpha-channel-opacity\"\/>\n\n\n<a href=\"https:\/\/cpovobitaraes.eu\/wp-content\/uploads\/2025\/05\/mapa-investimento-publico-prr-aprovado.pdf\" class=\"pdfemb-viewer\" style=\"\" data-width=\"max\" data-height=\"max\"  data-toolbar=\"top\" data-toolbar-fixed=\"on\">Mapa Investimento P\u00fablico PRR - Aprovado<br\/><\/a>\n\n\n\n<hr class=\"wp-block-separator has-alpha-channel-opacity\"\/>\n\n\n<a href=\"https:\/\/cpovobitaraes.eu\/wp-content\/uploads\/2025\/05\/relatorio-e-parecer-conselho-fiscal-2024.pdf\" class=\"pdfemb-viewer\" style=\"\" data-width=\"max\" data-height=\"max\"  data-toolbar=\"top\" data-toolbar-fixed=\"on\">Relat\u00f3rio e Parecer do Conselho Fiscal 2024<br\/><\/a>\n\n\n\n<hr class=\"wp-block-separator has-alpha-channel-opacity\"\/>\n\n\n<a href=\"https:\/\/cpovobitaraes.eu\/wp-content\/uploads\/2025\/05\/ata-nr97-relatorio-contas-2024.pdf\" class=\"pdfemb-viewer\" style=\"\" data-width=\"max\" data-height=\"max\"  data-toolbar=\"top\" data-toolbar-fixed=\"on\">Ata n\u00ba 97 Relat\u00f3rio Contas de 2024<br\/><\/a>\n\n\n\n<hr class=\"wp-block-separator has-alpha-channel-opacity\"\/>\n\n\n<a href=\"https:\/\/cpovobitaraes.eu\/wp-content\/uploads\/2025\/05\/declaracao-responsabilidade-2024.pdf\" class=\"pdfemb-viewer\" style=\"\" data-width=\"max\" data-height=\"max\"  data-toolbar=\"top\" data-toolbar-fixed=\"on\">Declara\u00e7\u00e3o de Responsabilidade 2024<br\/><\/a>\n","protected":false},"excerpt":{"rendered":"Balan\u00e7o 2024 Demonstra\u00e7\u00e3o de Resultados 2024 Anexos ao Balan\u00e7o e Demonstra\u00e7ao de Resultados 2024 Balancete Geral Dezembro\/2024 Balancete Geral Regulariza\u00e7\u00e3o\/2024 Balancete Geral - Apuramento 2024 Mapa Explicativo 2024 Proveitos e Despesas Mapa Investimento P\u00fablico PRR - Aprovado Relat\u00f3rio e Parecer do Conselho Fiscal 2024 Ata n\u00ba 97 Relat\u00f3rio Contas de 2024 Declara\u00e7\u00e3o de Responsabilidade 2024","protected":false},"author":2,"featured_media":0,"parent":0,"menu_order":0,"comment_status":"closed","ping_status":"closed","template":"","meta":{"footnotes":""},"yoast_head":"<!-- This site is optimized with the Yoast SEO plugin v21.5 - https:\/\/yoast.com\/wordpress\/plugins\/seo\/ -->\r\n<title>Relat\u00f3rio de Contas 2024 - Casa do Povo de Bitar\u00e3es<\/title>\r\n<meta name=\"robots\" content=\"index, follow, max-snippet:-1, max-image-preview:large, max-video-preview:-1\" \/>\r\n<link rel=\"canonical\" href=\"https:\/\/cpovobitaraes.eu\/index.php\/relatorio-de-contas-2024\/\" \/>\r\n<meta property=\"og:locale\" content=\"pt_PT\" \/>\r\n<meta property=\"og:type\" content=\"article\" \/>\r\n<meta property=\"og:title\" content=\"Relat\u00f3rio de Contas 2024 - Casa do Povo de Bitar\u00e3es\" \/>\r\n<meta property=\"og:url\" content=\"https:\/\/cpovobitaraes.eu\/index.php\/relatorio-de-contas-2024\/\" \/>\r\n<meta property=\"og:site_name\" content=\"Casa do Povo de Bitar\u00e3es\" \/>\r\n<meta property=\"article:publisher\" content=\"https:\/\/www.facebook.com\/Casa-do-Povo-de-Bitar%c3%a3es-684105208273518\/\" \/>\r\n<meta property=\"article:modified_time\" content=\"2025-05-09T18:24:53+00:00\" \/>\r\n<meta name=\"twitter:card\" content=\"summary_large_image\" \/>\r\n<meta name=\"twitter:label1\" content=\"Tempo estimado de leitura\" \/>\n\t<meta name=\"twitter:data1\" content=\"1 minuto\" \/>\r\n<script type=\"application\/ld+json\" class=\"yoast-schema-graph\">{\"@context\":\"https:\/\/schema.org\",\"@graph\":[{\"@type\":\"WebPage\",\"@id\":\"https:\/\/cpovobitaraes.eu\/index.php\/relatorio-de-contas-2024\/\",\"url\":\"https:\/\/cpovobitaraes.eu\/index.php\/relatorio-de-contas-2024\/\",\"name\":\"Relat\u00f3rio de Contas 2024 - Casa do Povo de Bitar\u00e3es\",\"isPartOf\":{\"@id\":\"https:\/\/cpovobitaraes.eu\/#website\"},\"datePublished\":\"2025-05-09T11:09:42+00:00\",\"dateModified\":\"2025-05-09T18:24:53+00:00\",\"breadcrumb\":{\"@id\":\"https:\/\/cpovobitaraes.eu\/index.php\/relatorio-de-contas-2024\/#breadcrumb\"},\"inLanguage\":\"pt-PT\",\"potentialAction\":[{\"@type\":\"ReadAction\",\"target\":[\"https:\/\/cpovobitaraes.eu\/index.php\/relatorio-de-contas-2024\/\"]}]},{\"@type\":\"BreadcrumbList\",\"@id\":\"https:\/\/cpovobitaraes.eu\/index.php\/relatorio-de-contas-2024\/#breadcrumb\",\"itemListElement\":[{\"@type\":\"ListItem\",\"position\":1,\"name\":\"In\u00edcio\",\"item\":\"https:\/\/cpovobitaraes.eu\/\"},{\"@type\":\"ListItem\",\"position\":2,\"name\":\"Relat\u00f3rio de Contas 2024\"}]},{\"@type\":\"WebSite\",\"@id\":\"https:\/\/cpovobitaraes.eu\/#website\",\"url\":\"https:\/\/cpovobitaraes.eu\/\",\"name\":\"Casa do Povo de Bitar\u00e3es\",\"description\":\"Ao servi\u00e7o da popula\u00e7\u00e3o\",\"publisher\":{\"@id\":\"https:\/\/cpovobitaraes.eu\/#organization\"},\"potentialAction\":[{\"@type\":\"SearchAction\",\"target\":{\"@type\":\"EntryPoint\",\"urlTemplate\":\"https:\/\/cpovobitaraes.eu\/?s={search_term_string}\"},\"query-input\":\"required name=search_term_string\"}],\"inLanguage\":\"pt-PT\"},{\"@type\":\"Organization\",\"@id\":\"https:\/\/cpovobitaraes.eu\/#organization\",\"name\":\"Casa do Povo de Bitar\u00e3es\",\"url\":\"https:\/\/cpovobitaraes.eu\/\",\"logo\":{\"@type\":\"ImageObject\",\"inLanguage\":\"pt-PT\",\"@id\":\"https:\/\/cpovobitaraes.eu\/#\/schema\/logo\/image\/\",\"url\":\"https:\/\/cpovobitaraes.eu\/wp-content\/uploads\/2018\/11\/logotipo120x120t.png\",\"contentUrl\":\"https:\/\/cpovobitaraes.eu\/wp-content\/uploads\/2018\/11\/logotipo120x120t.png\",\"width\":119,\"height\":128,\"caption\":\"Casa do Povo de Bitar\u00e3es\"},\"image\":{\"@id\":\"https:\/\/cpovobitaraes.eu\/#\/schema\/logo\/image\/\"},\"sameAs\":[\"https:\/\/www.facebook.com\/Casa-do-Povo-de-Bitar\u00e3es-684105208273518\/\"]}]}<\/script>\r\n<!-- \/ Yoast SEO plugin. -->","yoast_head_json":{"title":"Relat\u00f3rio de Contas 2024 - Casa do Povo de Bitar\u00e3es","robots":{"index":"index","follow":"follow","max-snippet":"max-snippet:-1","max-image-preview":"max-image-preview:large","max-video-preview":"max-video-preview:-1"},"canonical":"https:\/\/cpovobitaraes.eu\/index.php\/relatorio-de-contas-2024\/","og_locale":"pt_PT","og_type":"article","og_title":"Relat\u00f3rio de Contas 2024 - Casa do Povo de Bitar\u00e3es","og_url":"https:\/\/cpovobitaraes.eu\/index.php\/relatorio-de-contas-2024\/","og_site_name":"Casa do Povo de Bitar\u00e3es","article_publisher":"https:\/\/www.facebook.com\/Casa-do-Povo-de-Bitar%c3%a3es-684105208273518\/","article_modified_time":"2025-05-09T18:24:53+00:00","twitter_card":"summary_large_image","twitter_misc":{"Tempo estimado de leitura":"1 minuto"},"schema":{"@context":"https:\/\/schema.org","@graph":[{"@type":"WebPage","@id":"https:\/\/cpovobitaraes.eu\/index.php\/relatorio-de-contas-2024\/","url":"https:\/\/cpovobitaraes.eu\/index.php\/relatorio-de-contas-2024\/","name":"Relat\u00f3rio de Contas 2024 - Casa do Povo de Bitar\u00e3es","isPartOf":{"@id":"https:\/\/cpovobitaraes.eu\/#website"},"datePublished":"2025-05-09T11:09:42+00:00","dateModified":"2025-05-09T18:24:53+00:00","breadcrumb":{"@id":"https:\/\/cpovobitaraes.eu\/index.php\/relatorio-de-contas-2024\/#breadcrumb"},"inLanguage":"pt-PT","potentialAction":[{"@type":"ReadAction","target":["https:\/\/cpovobitaraes.eu\/index.php\/relatorio-de-contas-2024\/"]}]},{"@type":"BreadcrumbList","@id":"https:\/\/cpovobitaraes.eu\/index.php\/relatorio-de-contas-2024\/#breadcrumb","itemListElement":[{"@type":"ListItem","position":1,"name":"In\u00edcio","item":"https:\/\/cpovobitaraes.eu\/"},{"@type":"ListItem","position":2,"name":"Relat\u00f3rio de Contas 2024"}]},{"@type":"WebSite","@id":"https:\/\/cpovobitaraes.eu\/#website","url":"https:\/\/cpovobitaraes.eu\/","name":"Casa do Povo de Bitar\u00e3es","description":"Ao servi\u00e7o da popula\u00e7\u00e3o","publisher":{"@id":"https:\/\/cpovobitaraes.eu\/#organization"},"potentialAction":[{"@type":"SearchAction","target":{"@type":"EntryPoint","urlTemplate":"https:\/\/cpovobitaraes.eu\/?s={search_term_string}"},"query-input":"required name=search_term_string"}],"inLanguage":"pt-PT"},{"@type":"Organization","@id":"https:\/\/cpovobitaraes.eu\/#organization","name":"Casa do Povo de Bitar\u00e3es","url":"https:\/\/cpovobitaraes.eu\/","logo":{"@type":"ImageObject","inLanguage":"pt-PT","@id":"https:\/\/cpovobitaraes.eu\/#\/schema\/logo\/image\/","url":"https:\/\/cpovobitaraes.eu\/wp-content\/uploads\/2018\/11\/logotipo120x120t.png","contentUrl":"https:\/\/cpovobitaraes.eu\/wp-content\/uploads\/2018\/11\/logotipo120x120t.png","width":119,"height":128,"caption":"Casa do Povo de Bitar\u00e3es"},"image":{"@id":"https:\/\/cpovobitaraes.eu\/#\/schema\/logo\/image\/"},"sameAs":["https:\/\/www.facebook.com\/Casa-do-Povo-de-Bitar\u00e3es-684105208273518\/"]}]}},"_links":{"self":[{"href":"https:\/\/cpovobitaraes.eu\/index.php\/wp-json\/wp\/v2\/pages\/3940"}],"collection":[{"href":"https:\/\/cpovobitaraes.eu\/index.php\/wp-json\/wp\/v2\/pages"}],"about":[{"href":"https:\/\/cpovobitaraes.eu\/index.php\/wp-json\/wp\/v2\/types\/page"}],"author":[{"embeddable":true,"href":"https:\/\/cpovobitaraes.eu\/index.php\/wp-json\/wp\/v2\/users\/2"}],"replies":[{"embeddable":true,"href":"https:\/\/cpovobitaraes.eu\/index.php\/wp-json\/wp\/v2\/comments?post=3940"}],"version-history":[{"count":6,"href":"https:\/\/cpovobitaraes.eu\/index.php\/wp-json\/wp\/v2\/pages\/3940\/revisions"}],"predecessor-version":[{"id":3965,"href":"https:\/\/cpovobitaraes.eu\/index.php\/wp-json\/wp\/v2\/pages\/3940\/revisions\/3965"}],"wp:attachment":[{"href":"https:\/\/cpovobitaraes.eu\/index.php\/wp-json\/wp\/v2\/media?parent=3940"}],"curies":[{"name":"wp","href":"https:\/\/api.w.org\/{rel}","templated":true}]}}