{"id":3,"date":"2018-07-12T13:42:39","date_gmt":"2018-07-12T13:42:39","guid":{"rendered":"http:\/\/cpovobitaraes.eu\/?page_id=3"},"modified":"2018-12-02T21:09:17","modified_gmt":"2018-12-02T21:09:17","slug":"politica-privacidade","status":"publish","type":"page","link":"https:\/\/cpovobitaraes.eu\/index.php\/politica-privacidade\/","title":{"rendered":"Pol\u00edtica de Privacidade"},"content":{"rendered":"<header class=\"entry-header\">\n<h2 class=\"entry-title\" style=\"text-align: center;\">Pol\u00edtica de Privacidade<\/h2>\n<\/header>\n<div class=\"entry-content\">\n<p style=\"text-align: left;\"><strong>Pol\u00edtica de Privacidade<\/strong><\/p>\n<p style=\"text-align: left;\">A partir de dia 25 de Maio de 2018 passou a ser aplic\u00e1vel o Regulamento Geral\u00a0 sobre a prote\u00e7\u00e3o de dados Pessoais \u2013 Regulamento n\u00ba 2016\/679 do Parlamento Europeu e do Conselho, de 27 de Abril de 2016, que estabelece as regras relativas \u00e0 prote\u00e7\u00e3o, tratamento e circula\u00e7\u00e3o dos dados pessoais das pessoas singulares e que se aplica diretamente a todas as entidades que procedam ao tratamento desses dados, em qualquer estado membro da Uni\u00e3o Europeia, nomeadamente Portugal.<\/p>\n<p style=\"text-align: left;\">O objetivo desta comunica\u00e7\u00e3o \u00e9 dar-lhe a conhecer as novas regras aplic\u00e1veis ao tratamento dos seus dados pessoais, os direitos que lhe assistem, assim como inform\u00e1-lo da forma como pode gerir, diretamente e de forma simples, os respetivos consentimentos.<\/p>\n<p style=\"text-align: left;\">A <em>Casa do Povo de Biatar\u00e3es <\/em>\u00e9 a entidade respons\u00e1vel pelo tratamento dos seus dados pessoais e por assegurar a sua privacidade, atuando em conformidade com a lei e o novo regulamento.<\/p>\n<p style=\"text-align: left;\">A pol\u00edtica de privacidade aplica-se \u00e0 informa\u00e7\u00e3o recolhida pelas seguintes vias:<\/p>\n<ul style=\"text-align: left;\">\n<li>Ficha de Utente do Centro de Conv\u00edvio<\/li>\n<li>Ficha de membro do Rancho Folcl\u00f3rico Infantil e Juvenil de Bitar\u00e3es<\/li>\n<li>Ficha de membro do Teatro de Bitar\u00e3es<\/li>\n<li>Ficha de Utente do Apoio Social<\/li>\n<li>Ficha de Formando<\/li>\n<li>Ficha de Associado da Casa do Povo de Bitar\u00e3es<\/li>\n<li>Redes Sociais (Facebook\/ Instagram)<\/li>\n<\/ul>\n<p style=\"text-align: left;\">Numa pol\u00edtica de \u00e9tica e rigor, a <em>Casa do Povo de Bitar\u00e3es<\/em> pauta pelo total respeito e reserva da informa\u00e7\u00e3o a que acedem, relativo aos seus dados pessoais.<\/p>\n<p style=\"text-align: left;\"><strong>Recolha de dados<\/strong><\/p>\n<p style=\"text-align: left;\">Os dados recolhidos pela<em>\u00a0<\/em><em>Casa do Povo de Bitar\u00e3es<\/em> s\u00e3o os estritamente necess\u00e1rios para o fim a que se destinam sempre com o aviso pr\u00e9vio e consentimento do Titular desses dados.<\/p>\n<p style=\"text-align: left;\">Em geral, os dados pessoais s\u00e3o solicitados pessoalmente durante a inscri\u00e7\u00e3o duma das val\u00eancias e\/ou nas Redes Sociais (Facebook\/ Instagram).<\/p>\n<p style=\"text-align: left;\">A <em>Casa do Povo de Bitar\u00e3es<\/em> respeita o seu direito \u00e0 privacidade e n\u00e3o recolhe qualquer informa\u00e7\u00e3o pessoal sobre si sem o seu pr\u00e9vio consentimento.<\/p>\n<p style=\"text-align: left;\">Alguns dos seus dados pessoais s\u00e3o de fornecimento obrigat\u00f3rio para a presta\u00e7\u00e3o do servi\u00e7o. A <em>Casa do Povo de Bitar\u00e3es<\/em> informar\u00e1 dessa obrigatoriedade e na eventualidade de falta ou de fornecimento incorreto dos dados exigidos, a <em>Casa do Povo de Bitar\u00e3es<\/em> n\u00e3o poder\u00e1 prestar o respetivo servi\u00e7o. A presta\u00e7\u00e3o de dados incorretos ou inexatos \u00e9 da responsabilidade do Titular dos Dados.<\/p>\n<p style=\"text-align: left;\"><strong>Media<\/strong><\/p>\n<p style=\"text-align: left;\">Se carregar imagens para o website deve evitar incluir imagens de pessoas sem expresso consentimento para publica\u00e7\u00e3o p\u00fablica e deve evitar imagens que incluam localiza\u00e7\u00e3o embebidada (EXIF GPS). Os visitantes do website podem descarregar essa informa\u00e7\u00e3o de localiza\u00e7\u00e3o extraindo-a das imagens no website.<\/p>\n<p style=\"text-align: left;\"><strong>Formul\u00e1rios <\/strong><\/p>\n<\/div>\n<div style=\"text-align: left;\">Os formul\u00e1rios utilizados neste website solicitam aos visitantes o consentimento para uso dessa informa\u00e7\u00e3o de acordo com o seu fim.<\/div>\n<div class=\"entry-content\">\n<p style=\"text-align: left;\"><strong>Cookies<\/strong><\/p>\n<p style=\"text-align: left;\">Se colocar um coment\u00e1rio no nosso site \u00e9-lhe solicitado para guardar o seu nome e email em cookies. Isto \u00e9 uma funcionalidade para seu benef\u00edcio para que n\u00e3o tenha de repetir essa introdu\u00e7\u00e3o para novos coment\u00e1rios no nosso site. Esses cookies mant\u00eam-se durante um ano.<\/p>\n<p style=\"text-align: left;\">Se tiver uma conta e fizer login neste site, vai ser criado um cookie tempor\u00e1rio para determinar se o seu browser aceita cookies. Este cookie n\u00e3o cont\u00e9m informa\u00e7\u00e3o pessoal e ser\u00e1 apagado quando fechar o seu browser.<\/p>\n<p style=\"text-align: left;\">Qaundo faz login, tamb\u00e9m criamos v\u00e1rios cookies para guardar a sua informa\u00e7\u00e3o de login e as suas op\u00e7\u00f5es. Estes cookies de Login duram dois dias, e os cookies de op\u00e7\u00e3o duram um ano. Se escolhe &#8220;Recordar-me&#8221;, o seus dados de login persistem durante duas semanas. Se fizer logout da sua conta, os cookies de login s\u00e3o apagados.<\/p>\n<p style=\"text-align: left;\">Se editar ou publicar uma not\u00edcia, \u00e9 criado um cookie adicional no seu browser. Este cookie n\u00e3o inclui informa\u00e7\u00e3o pessoal e simplesmente indica o ID da publica\u00e7\u00e3o da not\u00edcia que acabou de editar. Expira ap\u00f3s 1 dia.<\/p>\n<p style=\"text-align: left;\"><strong>Conte\u00fado embebido de outros websites<\/strong><\/p>\n<p style=\"text-align: left;\">As Not\u00edcias neste site podem incluir conteudo embebido. p.ex. videos, imagens, not\u00edcias, etc. Conte\u00fado embebido de outros websites funcionam da forma que estiver definido nos respetivos websites.<\/p>\n<p style=\"text-align: left;\">Esses websites podem recolher informa\u00e7\u00e3o sua, usar cookies, recolher informa\u00e7\u00e3o de registo ou monitorizar as suas a\u00e7\u00f5es atraves do conte\u00fado embebido.<\/p>\n<p style=\"text-align: left;\"><strong>Tempo de reten\u00e7\u00e3o dos\u00a0 seus dados no website<\/strong><\/p>\n<p style=\"text-align: left;\">Se colocar um coment\u00e1rio, esse coment\u00e1rio e a respetiva <em>metadata<\/em> ser\u00e3o retidos indefenidamente. Isto \u00e9 assim para que possamos reconhecer e aprovar todos os seguimentos de forma automatica em vez de os manter numa fila de modera\u00e7\u00e3o.<\/p>\n<p style=\"text-align: left;\">Para os utilizadores registados no nosso website, tamb\u00e9m guardamos a informa\u00e7\u00e3o que foi preenchida no perfil do utilizador. Os utilizadores podem consultar editar, ou apagar esta informa\u00e7\u00e3o pessoal a qualquer momento (except alterar o nome de login). Os administradores do Website tamb\u00e9m podem consultar e editar essa informa\u00e7\u00e3o.<\/p>\n<p style=\"text-align: left;\"><strong>Que direitos tem sobre os seus dados pessoais<\/strong><\/p>\n<p style=\"text-align: left;\">Se possuir uma conta neste site ou se colocar coment\u00e1rios, pode solicitar um ficheiro com a exporta\u00e7\u00e3o dos dados pessoais que tenhamos, incluindo toda a informa\u00e7\u00e3o deixada. Pode ainda requerer que apaguemos quaisquer dados pessoais que possu\u00edmos. Isto n\u00e3o inclui os dados que somos a reter por raz\u00f5es administrativas legais ou seguran\u00e7a.<\/p>\n<p style=\"text-align: left;\"><strong>Onde os seus dados pessoais s\u00e3o enviados<\/strong><\/p>\n<p style=\"text-align: left;\">Os coment\u00e1rios dos visitantes podem ser analisados por sistemas autom\u00e1ticos anti SPAM (publicidade n\u00e3o desejada).<\/p>\n<p style=\"text-align: left;\"><strong>Finalidade da recolha de dados pessoais<\/strong><\/p>\n<p style=\"text-align: left;\">Os dados pessoais recolhidos junto das pessoas podem destinar-se a a\u00e7\u00f5es de informa\u00e7\u00e3o e publicidade dos eventos promovidos pela institui\u00e7\u00e3o, caso o tenha autorizado.<\/p>\n<p style=\"text-align: left;\">Para informar os titulares dos dados a <em>Casa do Povo de Bitar\u00e3es<\/em> pode utilizar os seguintes m\u00e9todos: SMS, EMAIL, NEWSLETTER ou outro servi\u00e7o de comunica\u00e7\u00e3o eletr\u00f3nica, salvo se a pessoa se tiver oposto.<\/p>\n<p style=\"text-align: left;\">Os seus dados pessoais tamb\u00e9m ser\u00e3o tratados para responder a quest\u00f5es, sugest\u00f5es ou reclama\u00e7\u00f5es.<\/p>\n<p style=\"text-align: left;\">O Titular pode recusar o seu consentimento em qualquer altura, bastando para o efeito remeter o seu pedido para a secretaria da Dire\u00e7\u00e3o ou fazer esse pedido nas p\u00e1gina deste site <a href=\"https:\/\/cpovobitaraes.eu\/index.php\/esquecimento\/\">aqui<\/a>. O mesmo se aplica se prentender <a href=\"https:\/\/cpovobitaraes.eu\/index.php\/consulta\/\">consultar<\/a> os dados pessoais que possu\u00edmos ou se os pretender <a href=\"https:\/\/cpovobitaraes.eu\/index.php\/retificacao\/\">retificar<\/a>.<\/p>\n<p style=\"text-align: left;\"><strong>Respons\u00e1vel pelo tratamento de dados pessoais<\/strong><\/p>\n<p style=\"text-align: left;\">O respons\u00e1vel pelo tratamento de dados pessoais \u00e9 a <em>Casa do Povo de Bitar\u00e3es.<\/em><\/p>\n<p style=\"text-align: left;\"><em>Casa do Povo de Bitar\u00e3es<\/em><br \/>\nRua Nossa Senhora de Ch\u00e3os, 685<br \/>\n4580-297 Bitar\u00e3es \u2013 PORTUGAL<br \/>\nEndere\u00e7o do respons\u00e1vel pela Prote\u00e7\u00e3o de Dados:\u00a0 <a href=\"mailto:direcao@cpovobitaraes.eu\">direcao@cpovobitaraes.eu<\/a><\/p>\n<p style=\"text-align: left;\"><strong>Conserva\u00e7\u00e3o dos dados pessoais<\/strong><\/p>\n<p style=\"text-align: left;\">Os seus dados pessoais s\u00e3o conservados apenas durante o per\u00edodo de tempo necess\u00e1rio para a presta\u00e7\u00e3o do servi\u00e7o ou da perman\u00eancia como membro do Rancho ou Teatro.<\/p>\n<p style=\"text-align: left;\">Garantimos todos os direitos consagrados no Regulamento. Para tal, pode alterar os dados da sua ficha de Titular fazendo junto da secretaria da Dire\u00e7\u00e3o, trazendo prova da sua identifica\u00e7\u00e3o.<\/p>\n<p style=\"text-align: left;\">Se colocar um coment\u00e1rio, o coment\u00e1rio e dados inerentes s\u00e3o mantidos indefenidamente. <span class=\"tlid-translation translation\"><span class=\"\" title=\"\">Isto \u00e9 para que possamos reconhecer e aprovar quaisquer coment\u00e1rios automaticamente, em vez de mant\u00ea-los em uma fila de modera\u00e7\u00e3o.<\/span><\/span><\/p>\n<p style=\"text-align: left;\">Para os utilizadores que se registam no nosso site, tamb\u00e9m armazenamos as informa\u00e7\u00f5es pessoais que eles fornecem no seu perfil de utilizador. Todos os utilizador podem ver, editar ou excluir suas informa\u00e7\u00f5es pessoais a qualquer momento (apenas n\u00e3o podem alterar seu nome de utilizador). Os Administradores do site tamb\u00e9m podem ver e editar essas informa\u00e7\u00f5es.<\/p>\n<p style=\"text-align: left;\"><strong>Elimina\u00e7\u00e3o de dados pessoais<\/strong><\/p>\n<p style=\"text-align: left;\">O Titular dos dados pode a qualquer momento, opor-se ao tratamento de dados, com exce\u00e7\u00e3o dos estritamente necess\u00e1rios \u00e0 presta\u00e7\u00e3o do servi\u00e7o, e\/ou requerer elimina\u00e7\u00e3o dos seus dados para fins de informa\u00e7\u00e3o e publicidade, devendo para o devido efeito contactar a <em>Casa do Povo de Bitar\u00e3es<\/em> por escrito ou para o endere\u00e7o eletr\u00f3nico: <a href=\"mailto:direcao@cpovobitaraes.eu\">direcao@cpovobitaraes.eu<\/a>, ou ainda diretamente neste site nas p\u00e1ginas respetivas.<\/p>\n<p style=\"text-align: left;\">Para obter informa\u00e7\u00e3o adicional ou esclarecer qualquer d\u00favida sobre a nossa pol\u00edtica de privacidade e tratamento de dados pessoais, as quest\u00f5es devem ser remetidas para os endere\u00e7os nesta p\u00e1gina.<\/p>\n<p style=\"text-align: left;\"><strong>Seguran\u00e7a dos dados pessoais\u00a0 <\/strong><\/p>\n<p style=\"text-align: left;\">Assegurar a confidencialidade e seguran\u00e7a dos dados dos seus Titulares \u00e9 uma permanente preocupa\u00e7\u00e3o da <em>Casa do Povo de Bitar\u00e3es<\/em><em>.<\/em> Porque reconhece a sensibilidade desta informa\u00e7\u00e3o, a\u00a0<em>Casa do Povo de Bitar\u00e3es<\/em> elaborou e divulgou a todos os seus colaboradores Pol\u00edticas de privacidade e seguran\u00e7a dos dados.<\/p>\n<p style=\"text-align: left;\">Estamos empenhados na prote\u00e7\u00e3o e confidencialidade dos seus dados pessoais. Tom\u00e1mos as medidas t\u00e9cnicas necess\u00e1rias ao cumprimento do Regulamento, garantindo que o tratamento dos seus dados pessoais \u00e9 l\u00edcito, leal, transparente e limitado \u00e0s finalidades autorizadas. Adot\u00e1mos as medidas que consideramos adequadas para assegurar a exatid\u00e3o, integridade e confidencialidade dos seus dados pessoais, bem como todos os demais direitos que lhe assistem.<\/p>\n<p style=\"text-align: left;\">Caso n\u00e3o reclame a elimina\u00e7\u00e3o dos seus dados pessoais, a\u00a0<em>Casa do Povo de Bitar\u00e3es<\/em> ir\u00e1 manter toda a informa\u00e7\u00e3o na base de dados e continuar\u00e1 a enviar informa\u00e7\u00e3o e publicidade pelas vias descritas anteriormente.<\/p>\n<\/div>\n<h3><\/h3>\n","protected":false},"excerpt":{"rendered":"<p>Pol\u00edtica de Privacidade Pol\u00edtica de Privacidade A partir de dia 25 de Maio de 2018 passou a ser aplic\u00e1vel o Regulamento Geral\u00a0 sobre a prote\u00e7\u00e3o de dados Pessoais \u2013 Regulamento n\u00ba 2016\/679 do Parlamento Europeu e do Conselho, de 27 de Abril de 2016, que estabelece as regras relativas \u00e0 prote\u00e7\u00e3o, tratamento e circula\u00e7\u00e3o dos [&hellip;]<\/p>\n","protected":false},"author":1,"featured_media":0,"parent":0,"menu_order":0,"comment_status":"closed","ping_status":"open","template":"","meta":{"footnotes":""},"yoast_head":"<!-- This site is optimized with the Yoast SEO plugin v21.5 - https:\/\/yoast.com\/wordpress\/plugins\/seo\/ -->\r\n<title>Pol\u00edtica de Privacidade - Casa do Povo de Bitar\u00e3es<\/title>\r\n<meta name=\"robots\" content=\"index, follow, max-snippet:-1, max-image-preview:large, max-video-preview:-1\" \/>\r\n<link rel=\"canonical\" href=\"https:\/\/cpovobitaraes.eu\/index.php\/politica-privacidade\/\" \/>\r\n<meta property=\"og:locale\" content=\"pt_PT\" \/>\r\n<meta property=\"og:type\" content=\"article\" \/>\r\n<meta property=\"og:title\" content=\"Pol\u00edtica de Privacidade - Casa do Povo de Bitar\u00e3es\" \/>\r\n<meta property=\"og:description\" content=\"Pol\u00edtica de Privacidade Pol\u00edtica de Privacidade A partir de dia 25 de Maio de 2018 passou a ser aplic\u00e1vel o Regulamento Geral\u00a0 sobre a prote\u00e7\u00e3o de dados Pessoais \u2013 Regulamento n\u00ba 2016\/679 do Parlamento Europeu e do Conselho, de 27 de Abril de 2016, que estabelece as regras relativas \u00e0 prote\u00e7\u00e3o, tratamento e circula\u00e7\u00e3o dos [&hellip;]\" \/>\r\n<meta property=\"og:url\" content=\"https:\/\/cpovobitaraes.eu\/index.php\/politica-privacidade\/\" \/>\r\n<meta property=\"og:site_name\" content=\"Casa do Povo de Bitar\u00e3es\" \/>\r\n<meta property=\"article:publisher\" content=\"https:\/\/www.facebook.com\/Casa-do-Povo-de-Bitar%c3%a3es-684105208273518\/\" \/>\r\n<meta property=\"article:modified_time\" content=\"2018-12-02T21:09:17+00:00\" \/>\r\n<meta name=\"twitter:card\" content=\"summary_large_image\" \/>\r\n<meta name=\"twitter:label1\" content=\"Tempo estimado de leitura\" \/>\n\t<meta name=\"twitter:data1\" content=\"8 minutos\" \/>\r\n<script type=\"application\/ld+json\" class=\"yoast-schema-graph\">{\"@context\":\"https:\/\/schema.org\",\"@graph\":[{\"@type\":\"WebPage\",\"@id\":\"https:\/\/cpovobitaraes.eu\/index.php\/politica-privacidade\/\",\"url\":\"https:\/\/cpovobitaraes.eu\/index.php\/politica-privacidade\/\",\"name\":\"Pol\u00edtica de Privacidade - Casa do Povo de Bitar\u00e3es\",\"isPartOf\":{\"@id\":\"https:\/\/cpovobitaraes.eu\/#website\"},\"datePublished\":\"2018-07-12T13:42:39+00:00\",\"dateModified\":\"2018-12-02T21:09:17+00:00\",\"breadcrumb\":{\"@id\":\"https:\/\/cpovobitaraes.eu\/index.php\/politica-privacidade\/#breadcrumb\"},\"inLanguage\":\"pt-PT\",\"potentialAction\":[{\"@type\":\"ReadAction\",\"target\":[\"https:\/\/cpovobitaraes.eu\/index.php\/politica-privacidade\/\"]}]},{\"@type\":\"BreadcrumbList\",\"@id\":\"https:\/\/cpovobitaraes.eu\/index.php\/politica-privacidade\/#breadcrumb\",\"itemListElement\":[{\"@type\":\"ListItem\",\"position\":1,\"name\":\"In\u00edcio\",\"item\":\"https:\/\/cpovobitaraes.eu\/\"},{\"@type\":\"ListItem\",\"position\":2,\"name\":\"Pol\u00edtica de Privacidade\"}]},{\"@type\":\"WebSite\",\"@id\":\"https:\/\/cpovobitaraes.eu\/#website\",\"url\":\"https:\/\/cpovobitaraes.eu\/\",\"name\":\"Casa do Povo de Bitar\u00e3es\",\"description\":\"Ao servi\u00e7o da popula\u00e7\u00e3o\",\"publisher\":{\"@id\":\"https:\/\/cpovobitaraes.eu\/#organization\"},\"potentialAction\":[{\"@type\":\"SearchAction\",\"target\":{\"@type\":\"EntryPoint\",\"urlTemplate\":\"https:\/\/cpovobitaraes.eu\/?s={search_term_string}\"},\"query-input\":\"required name=search_term_string\"}],\"inLanguage\":\"pt-PT\"},{\"@type\":\"Organization\",\"@id\":\"https:\/\/cpovobitaraes.eu\/#organization\",\"name\":\"Casa do Povo de Bitar\u00e3es\",\"url\":\"https:\/\/cpovobitaraes.eu\/\",\"logo\":{\"@type\":\"ImageObject\",\"inLanguage\":\"pt-PT\",\"@id\":\"https:\/\/cpovobitaraes.eu\/#\/schema\/logo\/image\/\",\"url\":\"https:\/\/cpovobitaraes.eu\/wp-content\/uploads\/2018\/11\/logotipo120x120t.png\",\"contentUrl\":\"https:\/\/cpovobitaraes.eu\/wp-content\/uploads\/2018\/11\/logotipo120x120t.png\",\"width\":119,\"height\":128,\"caption\":\"Casa do Povo de Bitar\u00e3es\"},\"image\":{\"@id\":\"https:\/\/cpovobitaraes.eu\/#\/schema\/logo\/image\/\"},\"sameAs\":[\"https:\/\/www.facebook.com\/Casa-do-Povo-de-Bitar\u00e3es-684105208273518\/\"]}]}<\/script>\r\n<!-- \/ Yoast SEO plugin. -->","yoast_head_json":{"title":"Pol\u00edtica de Privacidade - Casa do Povo de Bitar\u00e3es","robots":{"index":"index","follow":"follow","max-snippet":"max-snippet:-1","max-image-preview":"max-image-preview:large","max-video-preview":"max-video-preview:-1"},"canonical":"https:\/\/cpovobitaraes.eu\/index.php\/politica-privacidade\/","og_locale":"pt_PT","og_type":"article","og_title":"Pol\u00edtica de Privacidade - Casa do Povo de Bitar\u00e3es","og_description":"Pol\u00edtica de Privacidade Pol\u00edtica de Privacidade A partir de dia 25 de Maio de 2018 passou a ser aplic\u00e1vel o Regulamento Geral\u00a0 sobre a prote\u00e7\u00e3o de dados Pessoais \u2013 Regulamento n\u00ba 2016\/679 do Parlamento Europeu e do Conselho, de 27 de Abril de 2016, que estabelece as regras relativas \u00e0 prote\u00e7\u00e3o, tratamento e circula\u00e7\u00e3o dos [&hellip;]","og_url":"https:\/\/cpovobitaraes.eu\/index.php\/politica-privacidade\/","og_site_name":"Casa do Povo de Bitar\u00e3es","article_publisher":"https:\/\/www.facebook.com\/Casa-do-Povo-de-Bitar%c3%a3es-684105208273518\/","article_modified_time":"2018-12-02T21:09:17+00:00","twitter_card":"summary_large_image","twitter_misc":{"Tempo estimado de leitura":"8 minutos"},"schema":{"@context":"https:\/\/schema.org","@graph":[{"@type":"WebPage","@id":"https:\/\/cpovobitaraes.eu\/index.php\/politica-privacidade\/","url":"https:\/\/cpovobitaraes.eu\/index.php\/politica-privacidade\/","name":"Pol\u00edtica de Privacidade - Casa do Povo de Bitar\u00e3es","isPartOf":{"@id":"https:\/\/cpovobitaraes.eu\/#website"},"datePublished":"2018-07-12T13:42:39+00:00","dateModified":"2018-12-02T21:09:17+00:00","breadcrumb":{"@id":"https:\/\/cpovobitaraes.eu\/index.php\/politica-privacidade\/#breadcrumb"},"inLanguage":"pt-PT","potentialAction":[{"@type":"ReadAction","target":["https:\/\/cpovobitaraes.eu\/index.php\/politica-privacidade\/"]}]},{"@type":"BreadcrumbList","@id":"https:\/\/cpovobitaraes.eu\/index.php\/politica-privacidade\/#breadcrumb","itemListElement":[{"@type":"ListItem","position":1,"name":"In\u00edcio","item":"https:\/\/cpovobitaraes.eu\/"},{"@type":"ListItem","position":2,"name":"Pol\u00edtica de Privacidade"}]},{"@type":"WebSite","@id":"https:\/\/cpovobitaraes.eu\/#website","url":"https:\/\/cpovobitaraes.eu\/","name":"Casa do Povo de Bitar\u00e3es","description":"Ao servi\u00e7o da popula\u00e7\u00e3o","publisher":{"@id":"https:\/\/cpovobitaraes.eu\/#organization"},"potentialAction":[{"@type":"SearchAction","target":{"@type":"EntryPoint","urlTemplate":"https:\/\/cpovobitaraes.eu\/?s={search_term_string}"},"query-input":"required name=search_term_string"}],"inLanguage":"pt-PT"},{"@type":"Organization","@id":"https:\/\/cpovobitaraes.eu\/#organization","name":"Casa do Povo de Bitar\u00e3es","url":"https:\/\/cpovobitaraes.eu\/","logo":{"@type":"ImageObject","inLanguage":"pt-PT","@id":"https:\/\/cpovobitaraes.eu\/#\/schema\/logo\/image\/","url":"https:\/\/cpovobitaraes.eu\/wp-content\/uploads\/2018\/11\/logotipo120x120t.png","contentUrl":"https:\/\/cpovobitaraes.eu\/wp-content\/uploads\/2018\/11\/logotipo120x120t.png","width":119,"height":128,"caption":"Casa do Povo de Bitar\u00e3es"},"image":{"@id":"https:\/\/cpovobitaraes.eu\/#\/schema\/logo\/image\/"},"sameAs":["https:\/\/www.facebook.com\/Casa-do-Povo-de-Bitar\u00e3es-684105208273518\/"]}]}},"_links":{"self":[{"href":"https:\/\/cpovobitaraes.eu\/index.php\/wp-json\/wp\/v2\/pages\/3"}],"collection":[{"href":"https:\/\/cpovobitaraes.eu\/index.php\/wp-json\/wp\/v2\/pages"}],"about":[{"href":"https:\/\/cpovobitaraes.eu\/index.php\/wp-json\/wp\/v2\/types\/page"}],"author":[{"embeddable":true,"href":"https:\/\/cpovobitaraes.eu\/index.php\/wp-json\/wp\/v2\/users\/1"}],"replies":[{"embeddable":true,"href":"https:\/\/cpovobitaraes.eu\/index.php\/wp-json\/wp\/v2\/comments?post=3"}],"version-history":[{"count":17,"href":"https:\/\/cpovobitaraes.eu\/index.php\/wp-json\/wp\/v2\/pages\/3\/revisions"}],"predecessor-version":[{"id":566,"href":"https:\/\/cpovobitaraes.eu\/index.php\/wp-json\/wp\/v2\/pages\/3\/revisions\/566"}],"wp:attachment":[{"href":"https:\/\/cpovobitaraes.eu\/index.php\/wp-json\/wp\/v2\/media?parent=3"}],"curies":[{"name":"wp","href":"https:\/\/api.w.org\/{rel}","templated":true}]}}