{"id":2,"date":"2018-07-12T13:42:39","date_gmt":"2018-07-12T13:42:39","guid":{"rendered":"http:\/\/cpovobitaraes.eu\/?page_id=2"},"modified":"2018-12-02T22:11:10","modified_gmt":"2018-12-02T22:11:10","slug":"rancho-folclorico-infantil-juvenil-da-casa-do-povo-de-bitaraes","status":"publish","type":"page","link":"https:\/\/cpovobitaraes.eu\/index.php\/rancho-folclorico-infantil-juvenil-da-casa-do-povo-de-bitaraes\/","title":{"rendered":"Rancho"},"content":{"rendered":"<h2 style=\"text-align: center;\"><strong>Rancho Folcl\u00f3rico Infantil e Juvenil<\/strong><\/h2>\n<h4 style=\"text-align: left;\">A sua funda\u00e7\u00e3o<\/h4>\n<p style=\"text-align: left;\">O Rancho Folcl\u00f3rico Infantil e Juvenil da Casa do Povo de Bitar\u00e3es foi fundado a 15 de Junho de 1982, com vista a divulgar o folclore da regi\u00e3o, mais precisamente da regi\u00e3o do Vale do Sousa onde se insere a freguesia de Bitar\u00e3es, pertencente ao concelho de Paredes no Douro Litoral.<\/p>\n<p style=\"text-align: left;\">Os trajes s\u00e3o regi<a href=\"http:\/\/cpovobitaraes.eu\/wp-content\/uploads\/2018\/11\/Rancho-Folclorico.jpg\"><img loading=\"lazy\" decoding=\"async\" class=\" wp-image-141 alignleft\" src=\"http:\/\/cpovobitaraes.eu\/wp-content\/uploads\/2018\/11\/Rancho-Folclorico-1024x567.jpg\" alt=\"\" width=\"689\" height=\"381\" srcset=\"https:\/\/cpovobitaraes.eu\/wp-content\/uploads\/2018\/11\/Rancho-Folclorico-1024x567.jpg 1024w, https:\/\/cpovobitaraes.eu\/wp-content\/uploads\/2018\/11\/Rancho-Folclorico-300x166.jpg 300w, https:\/\/cpovobitaraes.eu\/wp-content\/uploads\/2018\/11\/Rancho-Folclorico-768x426.jpg 768w\" sizes=\"(max-width: 689px) 100vw, 689px\" \/><\/a>onais, como se usavam no tempo dos nossos antepassados, sendo de uso domingueiro e festivo, mas incluindo tamb\u00e9m dois trajes e de noivos.<\/p>\n<p style=\"text-align: left;\">Os cantores da nossa tocata foram recolhidos com base nos festejos populares e cantares de trabalho, durante as desfolhadas, vindimas e outros trabalhos de campo.<\/p>\n<p style=\"text-align: left;\">Os primeiros trajes (saias) foram feitos pela Sr\u00aa. D\u00aa.\u00a0 Henriqueta, m\u00e3e da Sr\u00aa. D\u00aa. Maria Jos\u00e9 Sousa Lopes (Fundadora).<\/p>\n<p style=\"text-align: left;\">Os elementos que faziam parte do rancho no seu in\u00edcio, os mais adultos da tocata vieram de freguesias vizinha, mas tamb\u00e9m da nossa freguesia.<\/p>\n<p style=\"text-align: left;\">Os mais novos (dan\u00e7arinos) eram da freguesia de Bitar\u00e3es, mas tamb\u00e9m das freguesias de Beire e Gondal\u00e3es, estes \u00faltimos vieram com a Sr\u00aa.\u00a0 D\u00aa. J\u00falia Oliveira Costa (Fundadora). Apareceram cerca de 80 crian\u00e7as e o ensaiador foi o Sr. Salvador Ferreira de Sousa (Fundador). Foram escolhidos 15 pares.<a href=\"http:\/\/cpovobitaraes.eu\/wp-content\/uploads\/2018\/11\/rancho4.jpg\"><img loading=\"lazy\" decoding=\"async\" class=\"wp-image-163 alignright\" src=\"http:\/\/cpovobitaraes.eu\/wp-content\/uploads\/2018\/11\/rancho4-1024x576.jpg\" alt=\"\" width=\"598\" height=\"336\" srcset=\"https:\/\/cpovobitaraes.eu\/wp-content\/uploads\/2018\/11\/rancho4-1024x576.jpg 1024w, https:\/\/cpovobitaraes.eu\/wp-content\/uploads\/2018\/11\/rancho4-300x169.jpg 300w, https:\/\/cpovobitaraes.eu\/wp-content\/uploads\/2018\/11\/rancho4-768x432.jpg 768w, https:\/\/cpovobitaraes.eu\/wp-content\/uploads\/2018\/11\/rancho4.jpg 1280w\" sizes=\"(max-width: 598px) 100vw, 598px\" \/><\/a><\/p>\n<p style=\"text-align: left;\">Fazem parte do nosso report\u00f3rio de m\u00fasicas e dan\u00e7as:<\/p>\n<p style=\"text-align: left;\">Rusga Duriense; Desgarrada do Douro; Malh\u00e3o das Palmas; Vira Estrepassado; Vira Man\u00e7ado; XulaValeira Velha; Cana Verde; Tirana; Verdejar da Roda; Rosinha; Vira do Oito; Xula da Casa do Povo; S\u00e3o Sais Amor, S\u00e3o Saias; Senhor da Pedra; Vira da Morena; Malh\u00e3o Picado; Vareira, Linha Vareira; Rosa Arredonda a Saia.<\/p>\n<h4 style=\"text-align: left;\">Atua\u00e7\u00f5es e Presen\u00e7as<\/h4>\n<p style=\"text-align: left;\">No seu in\u00edcio organizou-se o primeiro festival com a presen\u00e7a de 4 Ranchos e v\u00e1rios convidados: o Sr. Presidente da C\u00e2mara Municipal de Paredes na ocasi\u00e3o o Sr. Jorge Maria Fontoura Queir\u00f3s Malheiro (Fundador), o Sr. Presidente da Junta de Freguesia de Bitar\u00e3es Francisco Gaspar e o Sr. Presidente da Junta de Freguesia de Gondal\u00e3es Joaquim Leal.<\/p>\n<p style=\"text-align: left;\">A sua divulga\u00e7\u00e3o foi feita atrav\u00e9s de aparelhagem sonora (altifalante), num ve\u00edculo autom\u00f3vel e atrav\u00e9s de programas.<\/p>\n<p style=\"text-align: left;\">Desde ent\u00e3o o Rancho participou em festas, romarias e em festivais na freguesia onde o Rancho est\u00e1 inserido. Um destes festivais foi internacional, com a presen\u00e7a de 6 Ranchos estrangeiros e 5 nacionais.<\/p>\n<p style=\"text-align: left;\">Estamos tamb\u00e9m presentes em todos os festivais dos grupos e ranchos que participam nos nosos festivais. J\u00e1 participamos em festivais em Espanha e na Madeira.<\/p>\n<h4 style=\"text-align: left;\">Como Sobrevive o Rancho<\/h4>\n<p style=\"text-align: left;\">Temos subs\u00eddio anual do Munic\u00edpio de Paredes e da Junta de Freguesia de Bitar\u00e3es. O Munic\u00edpio de Paredes disponibiliza o transporte para quase<a href=\"http:\/\/cpovobitaraes.eu\/wp-content\/uploads\/2018\/11\/rancho3.jpg\"><img loading=\"lazy\" decoding=\"async\" class=\"wp-image-234 alignleft\" src=\"http:\/\/cpovobitaraes.eu\/wp-content\/uploads\/2018\/11\/rancho3-1024x576.jpg\" alt=\"\" width=\"674\" height=\"379\" srcset=\"https:\/\/cpovobitaraes.eu\/wp-content\/uploads\/2018\/11\/rancho3-1024x576.jpg 1024w, https:\/\/cpovobitaraes.eu\/wp-content\/uploads\/2018\/11\/rancho3-300x169.jpg 300w, https:\/\/cpovobitaraes.eu\/wp-content\/uploads\/2018\/11\/rancho3-768x432.jpg 768w, https:\/\/cpovobitaraes.eu\/wp-content\/uploads\/2018\/11\/rancho3.jpg 1280w\" sizes=\"(max-width: 674px) 100vw, 674px\" \/><\/a> todas as sa\u00eddas. Temos tamb\u00e9m a ajuda de v\u00e1rias pessoas e de algumas empresas que contribuem com patroc\u00ednios.<\/p>\n<p style=\"text-align: left;\">Como todos sabem ou devem saber, este grupo s\u00f3 pode sobreviver com a ajuda dos apaixonados por este tipo de dan\u00e7as e que t\u00eam amor por esta terra fazendo de maneira que a tradi\u00e7\u00e3o n\u00e3o termine, pelo contr\u00e1rio que renas\u00e7am pessoas com gosto pelo folclore.<\/p>\n<p style=\"text-align: left;\">\u00c9 pena que nesta freguesia h\u00e1 muitos a deitar abaixo aquilo que levou tempo a formar. Este Rancho \u00e9 a \u00fanica atividade que leva o nome da freguesia de Bitar\u00e3es aos quatro cantos do pa\u00eds.<\/p>\n","protected":false},"excerpt":{"rendered":"<p>Rancho Folcl\u00f3rico Infantil e Juvenil A sua funda\u00e7\u00e3o O Rancho Folcl\u00f3rico Infantil e Juvenil da Casa do Povo de Bitar\u00e3es foi fundado a 15 de Junho de 1982, com vista a divulgar o folclore da regi\u00e3o, mais precisamente da regi\u00e3o do Vale do Sousa onde se insere a freguesia de Bitar\u00e3es, pertencente ao concelho de [&hellip;]<\/p>\n","protected":false},"author":1,"featured_media":0,"parent":0,"menu_order":0,"comment_status":"closed","ping_status":"open","template":"","meta":{"footnotes":""},"yoast_head":"<!-- This site is optimized with the Yoast SEO plugin v21.5 - https:\/\/yoast.com\/wordpress\/plugins\/seo\/ -->\r\n<title>Rancho - Casa do Povo de Bitar\u00e3es<\/title>\r\n<meta name=\"description\" content=\"O Rancho Folcl\u00f3rico Infantil e Juvenil da Casa do Povo de Bitar\u00e3es foi fundado a 15 de Junho de 1982, com vista a divulgar o folclore da regi\u00e3o\" \/>\r\n<meta name=\"robots\" content=\"index, follow, max-snippet:-1, max-image-preview:large, max-video-preview:-1\" \/>\r\n<link rel=\"canonical\" href=\"https:\/\/cpovobitaraes.eu\/index.php\/rancho-folclorico-infantil-juvenil-da-casa-do-povo-de-bitaraes\/\" \/>\r\n<meta property=\"og:locale\" content=\"pt_PT\" \/>\r\n<meta property=\"og:type\" content=\"article\" \/>\r\n<meta property=\"og:title\" content=\"Rancho - Casa do Povo de Bitar\u00e3es\" \/>\r\n<meta property=\"og:description\" content=\"O Rancho Folcl\u00f3rico Infantil e Juvenil da Casa do Povo de Bitar\u00e3es foi fundado a 15 de Junho de 1982, com vista a divulgar o folclore da regi\u00e3o\" \/>\r\n<meta property=\"og:url\" content=\"https:\/\/cpovobitaraes.eu\/index.php\/rancho-folclorico-infantil-juvenil-da-casa-do-povo-de-bitaraes\/\" \/>\r\n<meta property=\"og:site_name\" content=\"Casa do Povo de Bitar\u00e3es\" \/>\r\n<meta property=\"article:publisher\" content=\"https:\/\/www.facebook.com\/Casa-do-Povo-de-Bitar%c3%a3es-684105208273518\/\" \/>\r\n<meta property=\"article:modified_time\" content=\"2018-12-02T22:11:10+00:00\" \/>\r\n<meta property=\"og:image\" content=\"http:\/\/cpovobitaraes.eu\/wp-content\/uploads\/2018\/11\/Rancho-Folclorico-1024x567.jpg\" \/>\r\n<meta name=\"twitter:card\" content=\"summary_large_image\" \/>\r\n<meta name=\"twitter:label1\" content=\"Tempo estimado de leitura\" \/>\n\t<meta name=\"twitter:data1\" content=\"3 minutos\" \/>\r\n<script type=\"application\/ld+json\" class=\"yoast-schema-graph\">{\"@context\":\"https:\/\/schema.org\",\"@graph\":[{\"@type\":\"WebPage\",\"@id\":\"https:\/\/cpovobitaraes.eu\/index.php\/rancho-folclorico-infantil-juvenil-da-casa-do-povo-de-bitaraes\/\",\"url\":\"https:\/\/cpovobitaraes.eu\/index.php\/rancho-folclorico-infantil-juvenil-da-casa-do-povo-de-bitaraes\/\",\"name\":\"Rancho - Casa do Povo de Bitar\u00e3es\",\"isPartOf\":{\"@id\":\"https:\/\/cpovobitaraes.eu\/#website\"},\"datePublished\":\"2018-07-12T13:42:39+00:00\",\"dateModified\":\"2018-12-02T22:11:10+00:00\",\"description\":\"O Rancho Folcl\u00f3rico Infantil e Juvenil da Casa do Povo de Bitar\u00e3es foi fundado a 15 de Junho de 1982, com vista a divulgar o folclore da regi\u00e3o\",\"breadcrumb\":{\"@id\":\"https:\/\/cpovobitaraes.eu\/index.php\/rancho-folclorico-infantil-juvenil-da-casa-do-povo-de-bitaraes\/#breadcrumb\"},\"inLanguage\":\"pt-PT\",\"potentialAction\":[{\"@type\":\"ReadAction\",\"target\":[\"https:\/\/cpovobitaraes.eu\/index.php\/rancho-folclorico-infantil-juvenil-da-casa-do-povo-de-bitaraes\/\"]}]},{\"@type\":\"BreadcrumbList\",\"@id\":\"https:\/\/cpovobitaraes.eu\/index.php\/rancho-folclorico-infantil-juvenil-da-casa-do-povo-de-bitaraes\/#breadcrumb\",\"itemListElement\":[{\"@type\":\"ListItem\",\"position\":1,\"name\":\"In\u00edcio\",\"item\":\"https:\/\/cpovobitaraes.eu\/\"},{\"@type\":\"ListItem\",\"position\":2,\"name\":\"Rancho\"}]},{\"@type\":\"WebSite\",\"@id\":\"https:\/\/cpovobitaraes.eu\/#website\",\"url\":\"https:\/\/cpovobitaraes.eu\/\",\"name\":\"Casa do Povo de Bitar\u00e3es\",\"description\":\"Ao servi\u00e7o da popula\u00e7\u00e3o\",\"publisher\":{\"@id\":\"https:\/\/cpovobitaraes.eu\/#organization\"},\"potentialAction\":[{\"@type\":\"SearchAction\",\"target\":{\"@type\":\"EntryPoint\",\"urlTemplate\":\"https:\/\/cpovobitaraes.eu\/?s={search_term_string}\"},\"query-input\":\"required name=search_term_string\"}],\"inLanguage\":\"pt-PT\"},{\"@type\":\"Organization\",\"@id\":\"https:\/\/cpovobitaraes.eu\/#organization\",\"name\":\"Casa do Povo de Bitar\u00e3es\",\"url\":\"https:\/\/cpovobitaraes.eu\/\",\"logo\":{\"@type\":\"ImageObject\",\"inLanguage\":\"pt-PT\",\"@id\":\"https:\/\/cpovobitaraes.eu\/#\/schema\/logo\/image\/\",\"url\":\"https:\/\/cpovobitaraes.eu\/wp-content\/uploads\/2018\/11\/logotipo120x120t.png\",\"contentUrl\":\"https:\/\/cpovobitaraes.eu\/wp-content\/uploads\/2018\/11\/logotipo120x120t.png\",\"width\":119,\"height\":128,\"caption\":\"Casa do Povo de Bitar\u00e3es\"},\"image\":{\"@id\":\"https:\/\/cpovobitaraes.eu\/#\/schema\/logo\/image\/\"},\"sameAs\":[\"https:\/\/www.facebook.com\/Casa-do-Povo-de-Bitar\u00e3es-684105208273518\/\"]}]}<\/script>\r\n<!-- \/ Yoast SEO plugin. -->","yoast_head_json":{"title":"Rancho - Casa do Povo de Bitar\u00e3es","description":"O Rancho Folcl\u00f3rico Infantil e Juvenil da Casa do Povo de Bitar\u00e3es foi fundado a 15 de Junho de 1982, com vista a divulgar o folclore da regi\u00e3o","robots":{"index":"index","follow":"follow","max-snippet":"max-snippet:-1","max-image-preview":"max-image-preview:large","max-video-preview":"max-video-preview:-1"},"canonical":"https:\/\/cpovobitaraes.eu\/index.php\/rancho-folclorico-infantil-juvenil-da-casa-do-povo-de-bitaraes\/","og_locale":"pt_PT","og_type":"article","og_title":"Rancho - Casa do Povo de Bitar\u00e3es","og_description":"O Rancho Folcl\u00f3rico Infantil e Juvenil da Casa do Povo de Bitar\u00e3es foi fundado a 15 de Junho de 1982, com vista a divulgar o folclore da regi\u00e3o","og_url":"https:\/\/cpovobitaraes.eu\/index.php\/rancho-folclorico-infantil-juvenil-da-casa-do-povo-de-bitaraes\/","og_site_name":"Casa do Povo de Bitar\u00e3es","article_publisher":"https:\/\/www.facebook.com\/Casa-do-Povo-de-Bitar%c3%a3es-684105208273518\/","article_modified_time":"2018-12-02T22:11:10+00:00","og_image":[{"url":"http:\/\/cpovobitaraes.eu\/wp-content\/uploads\/2018\/11\/Rancho-Folclorico-1024x567.jpg"}],"twitter_card":"summary_large_image","twitter_misc":{"Tempo estimado de leitura":"3 minutos"},"schema":{"@context":"https:\/\/schema.org","@graph":[{"@type":"WebPage","@id":"https:\/\/cpovobitaraes.eu\/index.php\/rancho-folclorico-infantil-juvenil-da-casa-do-povo-de-bitaraes\/","url":"https:\/\/cpovobitaraes.eu\/index.php\/rancho-folclorico-infantil-juvenil-da-casa-do-povo-de-bitaraes\/","name":"Rancho - Casa do Povo de Bitar\u00e3es","isPartOf":{"@id":"https:\/\/cpovobitaraes.eu\/#website"},"datePublished":"2018-07-12T13:42:39+00:00","dateModified":"2018-12-02T22:11:10+00:00","description":"O Rancho Folcl\u00f3rico Infantil e Juvenil da Casa do Povo de Bitar\u00e3es foi fundado a 15 de Junho de 1982, com vista a divulgar o folclore da regi\u00e3o","breadcrumb":{"@id":"https:\/\/cpovobitaraes.eu\/index.php\/rancho-folclorico-infantil-juvenil-da-casa-do-povo-de-bitaraes\/#breadcrumb"},"inLanguage":"pt-PT","potentialAction":[{"@type":"ReadAction","target":["https:\/\/cpovobitaraes.eu\/index.php\/rancho-folclorico-infantil-juvenil-da-casa-do-povo-de-bitaraes\/"]}]},{"@type":"BreadcrumbList","@id":"https:\/\/cpovobitaraes.eu\/index.php\/rancho-folclorico-infantil-juvenil-da-casa-do-povo-de-bitaraes\/#breadcrumb","itemListElement":[{"@type":"ListItem","position":1,"name":"In\u00edcio","item":"https:\/\/cpovobitaraes.eu\/"},{"@type":"ListItem","position":2,"name":"Rancho"}]},{"@type":"WebSite","@id":"https:\/\/cpovobitaraes.eu\/#website","url":"https:\/\/cpovobitaraes.eu\/","name":"Casa do Povo de Bitar\u00e3es","description":"Ao servi\u00e7o da popula\u00e7\u00e3o","publisher":{"@id":"https:\/\/cpovobitaraes.eu\/#organization"},"potentialAction":[{"@type":"SearchAction","target":{"@type":"EntryPoint","urlTemplate":"https:\/\/cpovobitaraes.eu\/?s={search_term_string}"},"query-input":"required name=search_term_string"}],"inLanguage":"pt-PT"},{"@type":"Organization","@id":"https:\/\/cpovobitaraes.eu\/#organization","name":"Casa do Povo de Bitar\u00e3es","url":"https:\/\/cpovobitaraes.eu\/","logo":{"@type":"ImageObject","inLanguage":"pt-PT","@id":"https:\/\/cpovobitaraes.eu\/#\/schema\/logo\/image\/","url":"https:\/\/cpovobitaraes.eu\/wp-content\/uploads\/2018\/11\/logotipo120x120t.png","contentUrl":"https:\/\/cpovobitaraes.eu\/wp-content\/uploads\/2018\/11\/logotipo120x120t.png","width":119,"height":128,"caption":"Casa do Povo de Bitar\u00e3es"},"image":{"@id":"https:\/\/cpovobitaraes.eu\/#\/schema\/logo\/image\/"},"sameAs":["https:\/\/www.facebook.com\/Casa-do-Povo-de-Bitar\u00e3es-684105208273518\/"]}]}},"_links":{"self":[{"href":"https:\/\/cpovobitaraes.eu\/index.php\/wp-json\/wp\/v2\/pages\/2"}],"collection":[{"href":"https:\/\/cpovobitaraes.eu\/index.php\/wp-json\/wp\/v2\/pages"}],"about":[{"href":"https:\/\/cpovobitaraes.eu\/index.php\/wp-json\/wp\/v2\/types\/page"}],"author":[{"embeddable":true,"href":"https:\/\/cpovobitaraes.eu\/index.php\/wp-json\/wp\/v2\/users\/1"}],"replies":[{"embeddable":true,"href":"https:\/\/cpovobitaraes.eu\/index.php\/wp-json\/wp\/v2\/comments?post=2"}],"version-history":[{"count":12,"href":"https:\/\/cpovobitaraes.eu\/index.php\/wp-json\/wp\/v2\/pages\/2\/revisions"}],"predecessor-version":[{"id":492,"href":"https:\/\/cpovobitaraes.eu\/index.php\/wp-json\/wp\/v2\/pages\/2\/revisions\/492"}],"wp:attachment":[{"href":"https:\/\/cpovobitaraes.eu\/index.php\/wp-json\/wp\/v2\/media?parent=2"}],"curies":[{"name":"wp","href":"https:\/\/api.w.org\/{rel}","templated":true}]}}